{"id":120,"date":"2018-09-05T05:46:26","date_gmt":"2018-09-05T05:46:26","guid":{"rendered":"https:\/\/crocodilemessage.com\/index.php\/contacts\/"},"modified":"2025-08-21T14:21:48","modified_gmt":"2025-08-21T14:21:48","slug":"contactos","status":"publish","type":"page","link":"https:\/\/crocodilemessage.com\/en\/contactos\/","title":{"rendered":"Contact"},"content":{"rendered":"<div class=\"wpb-content-wrapper\"><!-- CWS Row --><div class=\"cws-content\" style=\"background-repeat:repeat;background-size:cover;background-attachment:scroll;background-position:0% 0%;\"><div class=\"cws_extra_wrapper\"><div data-vc-full-width=\"true\" data-vc-full-width-init=\"false\" class=\"vc_row wpb_row vc_row-fluid cws_stretch_row cws-layer\"><div style='background-image:url(&quot;https:\/\/crocodilemessage.com\/wp-content\/uploads\/2018\/09\/15percent.png&quot;);\t\t\t\t\t\tleft:0%;\t\t\t\t\t\t width:100% !important;\t\t\t\t\t\t height:6% !important;\t\t\t\t\t\t\t\t\t\t\t\t background-position:center center;\t\t\t\t\t\t background-repeat:repeat;\t\t\t\t\t\t\t\t\t\t\t'><\/div><div class=\"vc_row-full-width vc_clearfix\" style=\"color: red !important;\"><\/div><\/div><div class='vc_row-full-width vc_clearfix'><\/div><div data-vc-full-width=\"true\" data-vc-full-width-init=\"false\" class=\"vc_row wpb_row vc_row-fluid\"><div class=\"wpb_column vc_column_container vc_col-sm-12 cws-column\"><div class=\"cws_vc_column-inner\"><div class=\"wpb_column vc_column_container vc_col-sm-12\"><div class=\"vc_column-inner\"><div class=\"wpb_wrapper\"><div class=\"cws_spacing cws_spacing_size_sm_desctop-on cws_spacing_tablet-on cws_spacing_mobile-on\"><div class=\"cws_spacing cws_spacing_default\" style=\"height:90px;\"><\/div> <div class=\"cws_spacing cws_spacing_size_sm_desctop\" style=\"height:90px;\"><\/div> <div class=\"cws_spacing cws_spacing_tablet\" style=\"height:50px;\"><\/div> <div class=\"cws_spacing cws_spacing_mobile\" style=\"height:50px;\"><\/div><\/div><div class='cws_textmodule cws_vc_shortcode_module' id='cws_textmodule_69e10bac54f61'><div class='cws_textmodule_wrapper'><div class='cws_textmodule_text text_align_center'><div class='cws_textmodule_titles'><div class='cws_textmodule_subtitle_wrapper with_decor'><span class='subtitile_left_decor'><\/span><h4 class='cws_textmodule_subtitle'>ANY DOUBTS?<\/h4><span class='subtitile_right_decor'><\/span><\/div><h3 class='cws_textmodule_title large'>CONTACT US<\/h3><\/div><\/div><\/div><\/div><div class=\"vc_row wpb_row vc_inner vc_row-fluid vc_custom_1536820039503\"><div class=\"wpb_column vc_column_container vc_col-sm-6 vc_col-lg-4 vc_col-md-6\"><div class=\"vc_column-inner\"><div class=\"wpb_wrapper\"><div id='cws_info_69e10bac554d7' class='cws_info_wrapper star_divider  vc_custom_1755786102784' ><div class='cws_info_title'>CONTACT US<\/div><div class='cws_info_img'><img src=\"https:\/\/crocodilemessage.com\/wp-content\/uploads\/2025\/05\/phone.jpeg\" alt=\"\"><\/div><div class='cws_content'><p>&nbsp;<\/p>\n<ul>\n<li style=\"list-style-type: none;\">\n<ul>\n<li><a href=\"mailto:info@crocodilemessage.com\">info@crocodilemessage.com<\/a><\/li>\n<\/ul>\n<\/li>\n<\/ul>\n<p>&nbsp;<\/p>\n<\/div><\/div><\/div><\/div><\/div><div class=\"wpb_column vc_column_container vc_col-sm-4 vc_hidden-md vc_hidden-sm vc_hidden-xs\"><div class=\"vc_column-inner\"><div class=\"wpb_wrapper\"><div id='cws_info_69e10bac56e27' class='cws_info_wrapper bg_in_border  vc_custom_1746523267580' style='border-image: url(https:\/\/crocodilemessage.com\/wp-content\/uploads\/2018\/09\/border_370x555.png) 12 round; '><div class='cws_info_title'>SEND US A MESSAGE!<\/div><div class='cws_content'><p style=\"text-align: center;\">Fill in the form below and we'll get back to you as soon as possible.<\/p>\n\n<div class=\"wpcf7 no-js\" id=\"wpcf7-f948-o1\" lang=\"en-US\" dir=\"ltr\" data-wpcf7-id=\"948\">\n<div class=\"screen-reader-response\"><p role=\"status\" aria-live=\"polite\" aria-atomic=\"true\"><\/p> <ul><\/ul><\/div>\n<form action=\"\/en\/wp-json\/wp\/v2\/pages\/120#wpcf7-f948-o1\" method=\"post\" class=\"wpcf7-form init\" aria-label=\"Contact form\" novalidate=\"novalidate\" data-status=\"init\" data-trp-original-action=\"\/en\/wp-json\/wp\/v2\/pages\/120#wpcf7-f948-o1\">\n<fieldset class=\"hidden-fields-container\"><input type=\"hidden\" name=\"_wpcf7\" value=\"948\" \/><input type=\"hidden\" name=\"_wpcf7_version\" value=\"6.1.5\" \/><input type=\"hidden\" name=\"_wpcf7_locale\" value=\"en_US\" \/><input type=\"hidden\" name=\"_wpcf7_unit_tag\" value=\"wpcf7-f948-o1\" \/><input type=\"hidden\" name=\"_wpcf7_container_post\" value=\"0\" \/><input type=\"hidden\" name=\"_wpcf7_posted_data_hash\" value=\"\" \/><input type=\"hidden\" name=\"_wpcf7_recaptcha_response\" value=\"\" \/>\n<\/fieldset>\n<p><span class=\"wpcf7-form-control-wrap\" data-name=\"your-name\"><input size=\"40\" maxlength=\"400\" class=\"wpcf7-form-control wpcf7-text wpcf7-validates-as-required\" aria-required=\"true\" aria-invalid=\"false\" placeholder=\"Name*\" value=\"\" type=\"text\" name=\"your-name\" \/><\/span>\n<\/p>\n<p><span class=\"wpcf7-form-control-wrap\" data-name=\"your-email\"><input size=\"40\" maxlength=\"400\" class=\"wpcf7-form-control wpcf7-email wpcf7-validates-as-required wpcf7-text wpcf7-validates-as-email\" aria-required=\"true\" aria-invalid=\"false\" placeholder=\"Email*\" value=\"\" type=\"email\" name=\"your-email\" \/><\/span>\n<\/p>\n<p><span class=\"wpcf7-form-control-wrap\" data-name=\"select-706\"><select class=\"wpcf7-form-control wpcf7-select wpcf7-validates-as-required\" aria-required=\"true\" aria-invalid=\"false\" name=\"select-706\"><option value=\"Pedido de Informa\u00e7\u00e3o\">Request for Information<\/option><option value=\"Sistemas de Gest\u00e3o de Propriedades\">Property Management Systems<\/option><option value=\"Integra\u00e7\u00e3o com Channel Managers\">Integration with Channel Managers<\/option><option value=\"Websites para Vacations Rentals\">Websites for Vacations Rentals<\/option><option value=\"Marketing Digital para Turismo\">Digital Marketing for Tourism<\/option><\/select><\/span>\n<\/p>\n<p><span class=\"wpcf7-form-control-wrap intl_tel-830\"><input class=\"wpcf7-form-control wpcf7-intl_tel wpcf7-intl-tel\" aria-invalid=\"false\" data-initialcountry=\"pt\" value=\"\" type=\"tel\" name=\"intl_tel-830-cf7it-national\" \/><input name=\"intl_tel-830\" type=\"hidden\" class=\"wpcf7-intl-tel-full\" \/><input type=\"hidden\" name=\"intl_tel-830-cf7it-country-name\" class=\"wpcf7-intl-tel-country-name\" \/><input type=\"hidden\" name=\"intl_tel-830-cf7it-country-code\" class=\"wpcf7-intl-tel-country-code\" \/><input type=\"hidden\" name=\"intl_tel-830-cf7it-country-iso2\" class=\"wpcf7-intl-tel-country-iso2\" \/><\/span>\n<\/p>\n<p><span class=\"wpcf7-form-control-wrap\" data-name=\"your-message\"><textarea cols=\"40\" rows=\"3\" maxlength=\"2000\" class=\"wpcf7-form-control wpcf7-textarea\" aria-invalid=\"false\" placeholder=\"Message\" name=\"your-message\"><\/textarea><\/span>\n<\/p>\n<p><input class=\"wpcf7-form-control wpcf7-submit has-spinner cws_submit\" type=\"submit\" value=\"Send\" \/>\n<\/p><div class=\"wpcf7-response-output\" aria-hidden=\"true\"><\/div>\n<input type=\"hidden\" name=\"trp-form-language\" value=\"en\"\/><\/form>\n<\/div>\n\n<\/div><\/div><\/div><\/div><\/div><div class=\"wpb_column vc_column_container vc_col-sm-6 vc_col-lg-4 vc_col-md-6\"><div class=\"vc_column-inner\"><div class=\"wpb_wrapper\"><div id='cws_info_69e10bac572df' class='cws_info_wrapper star_divider  vc_custom_1746523602010' ><div class='cws_info_title'>TIME<\/div><div class='cws_info_img'><img src=\"https:\/\/crocodilemessage.com\/wp-content\/uploads\/2025\/05\/image.webp\" alt=\"\"><\/div><div class='cws_content'><ul>\n<li>Monday - Friday<br \/>\n09:00 - 18:00<\/li>\n<li>Saturday - CLOSED<\/li>\n<li>Sunday - CLOSED<\/li>\n<\/ul>\n<\/div><\/div><\/div><\/div><\/div><\/div><div class=\"vc_row wpb_row vc_inner vc_row-fluid\"><div class=\"wpb_column vc_column_container vc_col-sm-12 vc_hidden-lg vc_col-md-12\"><div class=\"vc_column-inner\"><div class=\"wpb_wrapper\"><div id='cws_info_69e10bac58943' class='cws_info_wrapper bg_in_border  vc_custom_1746523707033' style='border-image: url(https:\/\/crocodilemessage.com\/wp-content\/uploads\/2018\/09\/border_370x555.png) 12 round; '><div class='cws_info_title'>SEND US A MESSAGE!<\/div><div class='cws_content'><p style=\"text-align: center;\">Fill in the form below and we'll get back to you as soon as possible.<\/p>\n\n<div class=\"wpcf7 no-js\" id=\"wpcf7-f948-o2\" lang=\"en-US\" dir=\"ltr\" data-wpcf7-id=\"948\">\n<div class=\"screen-reader-response\"><p role=\"status\" aria-live=\"polite\" aria-atomic=\"true\"><\/p> <ul><\/ul><\/div>\n<form action=\"\/en\/wp-json\/wp\/v2\/pages\/120#wpcf7-f948-o2\" method=\"post\" class=\"wpcf7-form init\" aria-label=\"Contact form\" novalidate=\"novalidate\" data-status=\"init\" data-trp-original-action=\"\/en\/wp-json\/wp\/v2\/pages\/120#wpcf7-f948-o2\">\n<fieldset class=\"hidden-fields-container\"><input type=\"hidden\" name=\"_wpcf7\" value=\"948\" \/><input type=\"hidden\" name=\"_wpcf7_version\" value=\"6.1.5\" \/><input type=\"hidden\" name=\"_wpcf7_locale\" value=\"en_US\" \/><input type=\"hidden\" name=\"_wpcf7_unit_tag\" value=\"wpcf7-f948-o2\" \/><input type=\"hidden\" name=\"_wpcf7_container_post\" value=\"0\" \/><input type=\"hidden\" name=\"_wpcf7_posted_data_hash\" value=\"\" \/><input type=\"hidden\" name=\"_wpcf7_recaptcha_response\" value=\"\" \/>\n<\/fieldset>\n<p><span class=\"wpcf7-form-control-wrap\" data-name=\"your-name\"><input size=\"40\" maxlength=\"400\" class=\"wpcf7-form-control wpcf7-text wpcf7-validates-as-required\" aria-required=\"true\" aria-invalid=\"false\" placeholder=\"Name*\" value=\"\" type=\"text\" name=\"your-name\" \/><\/span>\n<\/p>\n<p><span class=\"wpcf7-form-control-wrap\" data-name=\"your-email\"><input size=\"40\" maxlength=\"400\" class=\"wpcf7-form-control wpcf7-email wpcf7-validates-as-required wpcf7-text wpcf7-validates-as-email\" aria-required=\"true\" aria-invalid=\"false\" placeholder=\"Email*\" value=\"\" type=\"email\" name=\"your-email\" \/><\/span>\n<\/p>\n<p><span class=\"wpcf7-form-control-wrap\" data-name=\"select-706\"><select class=\"wpcf7-form-control wpcf7-select wpcf7-validates-as-required\" aria-required=\"true\" aria-invalid=\"false\" name=\"select-706\"><option value=\"Pedido de Informa\u00e7\u00e3o\">Request for Information<\/option><option value=\"Sistemas de Gest\u00e3o de Propriedades\">Property Management Systems<\/option><option value=\"Integra\u00e7\u00e3o com Channel Managers\">Integration with Channel Managers<\/option><option value=\"Websites para Vacations Rentals\">Websites for Vacations Rentals<\/option><option value=\"Marketing Digital para Turismo\">Digital Marketing for Tourism<\/option><\/select><\/span>\n<\/p>\n<p><span class=\"wpcf7-form-control-wrap intl_tel-830\"><input class=\"wpcf7-form-control wpcf7-intl_tel wpcf7-intl-tel\" aria-invalid=\"false\" data-initialcountry=\"pt\" value=\"\" type=\"tel\" name=\"intl_tel-830-cf7it-national\" \/><input name=\"intl_tel-830\" type=\"hidden\" class=\"wpcf7-intl-tel-full\" \/><input type=\"hidden\" name=\"intl_tel-830-cf7it-country-name\" class=\"wpcf7-intl-tel-country-name\" \/><input type=\"hidden\" name=\"intl_tel-830-cf7it-country-code\" class=\"wpcf7-intl-tel-country-code\" \/><input type=\"hidden\" name=\"intl_tel-830-cf7it-country-iso2\" class=\"wpcf7-intl-tel-country-iso2\" \/><\/span>\n<\/p>\n<p><span class=\"wpcf7-form-control-wrap\" data-name=\"your-message\"><textarea cols=\"40\" rows=\"3\" maxlength=\"2000\" class=\"wpcf7-form-control wpcf7-textarea\" aria-invalid=\"false\" placeholder=\"Message\" name=\"your-message\"><\/textarea><\/span>\n<\/p>\n<p><input class=\"wpcf7-form-control wpcf7-submit has-spinner cws_submit\" type=\"submit\" value=\"Send\" \/>\n<\/p><div class=\"wpcf7-response-output\" aria-hidden=\"true\"><\/div>\n<input type=\"hidden\" name=\"trp-form-language\" value=\"en\"\/><\/form>\n<\/div>\n\n<\/div><\/div><\/div><\/div><\/div><\/div><div class=\"cws_spacing cws_spacing_size_sm_desctop-on cws_spacing_tablet-on cws_spacing_mobile-on\"><div class=\"cws_spacing cws_spacing_default\" style=\"height:50px;\"><\/div> <div class=\"cws_spacing cws_spacing_size_sm_desctop\" style=\"height:50px;\"><\/div> <div class=\"cws_spacing cws_spacing_tablet\" style=\"height:50px;\"><\/div> <div class=\"cws_spacing cws_spacing_mobile\" style=\"height:20px;\"><\/div><\/div><\/div><\/div><\/div><!-- CWS Column --> <\/div><\/div><\/div><div class=\"vc_row-full-width vc_clearfix\"><\/div><\/div><\/div>\n<\/div>","protected":false},"excerpt":{"rendered":"TEM D\u00daVIDAS?FALE CONNOSCOCONTACTOS&nbsp; info@crocodilemessage.com &nbsp; ENVIE UMA MENSAGEM! Preencha o formul\u00e1rio abaixo e entraremos em contato o quanto antes. Pedido de Informa\u00e7\u00e3oSistemas de Gest\u00e3o de PropriedadesIntegra\u00e7\u00e3o com Channel ManagersWebsites para Vacations RentalsMarketing Digital para Turismo HOR\u00c1RIO Segunda-Feira \u2013 Sexta-Feira 09:00 \u2013 18:00 S\u00e1bado &#8211; FECHADO Domingo \u2013 FECHADO ENVIE UMA MENSAGEM! Preencha o formul\u00e1rio abaixo e entraremos em contato o quanto antes. Pedido de Informa\u00e7\u00e3oSistemas de Gest\u00e3o de PropriedadesIntegra\u00e7\u00e3o com Channel ManagersWebsites para Vacations RentalsMarketing Digital para Turismo","protected":false},"author":1,"featured_media":0,"parent":0,"menu_order":0,"comment_status":"closed","ping_status":"closed","template":"","meta":{"_themeisle_gutenberg_block_has_review":false,"footnotes":""},"class_list":["post-120","page","type-page","status-publish","hentry"],"yoast_head":"<!-- This site is optimized with the Yoast SEO plugin v27.4 - https:\/\/yoast.com\/product\/yoast-seo-wordpress\/ -->\n<title>Contactos - Crocodile Message<\/title>\n<meta name=\"description\" content=\"A Crocodile Message, Lda \u00e9 uma empresa especializada no desenvolvimento de solu\u00e7\u00f5es digitais para o setor de alojamento local e f\u00e9rias. Desenvolvemos software de gest\u00e3o de propriedades (PMS), com integra\u00e7\u00e3o de Channel Manager, design de websites para Vacation Rentals, e estrat\u00e9gias de marketing digital orientadas ao turismo.\" \/>\n<meta name=\"robots\" content=\"index, follow, max-snippet:-1, max-image-preview:large, max-video-preview:-1\" \/>\n<link rel=\"canonical\" href=\"https:\/\/crocodilemessage.com\/en\/contactos\/\" \/>\n<meta property=\"og:locale\" content=\"en_GB\" \/>\n<meta property=\"og:type\" content=\"article\" \/>\n<meta property=\"og:title\" content=\"Contactos - Crocodile Message\" \/>\n<meta property=\"og:description\" content=\"A Crocodile Message, Lda \u00e9 uma empresa especializada no desenvolvimento de solu\u00e7\u00f5es digitais para o setor de alojamento local e f\u00e9rias. Desenvolvemos software de gest\u00e3o de propriedades (PMS), com integra\u00e7\u00e3o de Channel Manager, design de websites para Vacation Rentals, e estrat\u00e9gias de marketing digital orientadas ao turismo.\" \/>\n<meta property=\"og:url\" content=\"https:\/\/crocodilemessage.com\/en\/contactos\/\" \/>\n<meta property=\"og:site_name\" content=\"Crocodile Message\" \/>\n<meta property=\"article:modified_time\" content=\"2025-08-21T14:21:48+00:00\" \/>\n<meta name=\"twitter:card\" content=\"summary_large_image\" \/>\n<meta name=\"twitter:label1\" content=\"Estimated reading time\" \/>\n\t<meta name=\"twitter:data1\" content=\"1 minute\" \/>\n<script type=\"application\/ld+json\" class=\"yoast-schema-graph\">{\"@context\":\"https:\\\/\\\/schema.org\",\"@graph\":[{\"@type\":\"WebPage\",\"@id\":\"https:\\\/\\\/crocodilemessage.com\\\/contactos\\\/\",\"url\":\"https:\\\/\\\/crocodilemessage.com\\\/contactos\\\/\",\"name\":\"Contactos - Crocodile Message\",\"isPartOf\":{\"@id\":\"https:\\\/\\\/crocodilemessage.com\\\/#website\"},\"datePublished\":\"2018-09-05T05:46:26+00:00\",\"dateModified\":\"2025-08-21T14:21:48+00:00\",\"description\":\"A Crocodile Message, Lda \u00e9 uma empresa especializada no desenvolvimento de solu\u00e7\u00f5es digitais para o setor de alojamento local e f\u00e9rias. Desenvolvemos software de gest\u00e3o de propriedades (PMS), com integra\u00e7\u00e3o de Channel Manager, design de websites para Vacation Rentals, e estrat\u00e9gias de marketing digital orientadas ao turismo.\",\"breadcrumb\":{\"@id\":\"https:\\\/\\\/crocodilemessage.com\\\/contactos\\\/#breadcrumb\"},\"inLanguage\":\"en-GB\",\"potentialAction\":[{\"@type\":\"ReadAction\",\"target\":[\"https:\\\/\\\/crocodilemessage.com\\\/contactos\\\/\"]}]},{\"@type\":\"BreadcrumbList\",\"@id\":\"https:\\\/\\\/crocodilemessage.com\\\/contactos\\\/#breadcrumb\",\"itemListElement\":[{\"@type\":\"ListItem\",\"position\":1,\"name\":\"Home\",\"item\":\"https:\\\/\\\/crocodilemessage.com\\\/\"},{\"@type\":\"ListItem\",\"position\":2,\"name\":\"Contactos\"}]},{\"@type\":\"WebSite\",\"@id\":\"https:\\\/\\\/crocodilemessage.com\\\/#website\",\"url\":\"https:\\\/\\\/crocodilemessage.com\\\/\",\"name\":\"Crocodile Message\",\"description\":\"\",\"potentialAction\":[{\"@type\":\"SearchAction\",\"target\":{\"@type\":\"EntryPoint\",\"urlTemplate\":\"https:\\\/\\\/crocodilemessage.com\\\/?s={search_term_string}\"},\"query-input\":{\"@type\":\"PropertyValueSpecification\",\"valueRequired\":true,\"valueName\":\"search_term_string\"}}],\"inLanguage\":\"en-GB\"}]}<\/script>\n<!-- \/ Yoast SEO plugin. -->","yoast_head_json":{"title":"Contactos - Crocodile Message","description":"Crocodile Message, Lda is a company specialising in the development of digital solutions for the local accommodation and holiday sector. We develop property management software (PMS), with Channel Manager integration, website design for Vacation Rentals, and tourism-orientated digital marketing strategies.","robots":{"index":"index","follow":"follow","max-snippet":"max-snippet:-1","max-image-preview":"max-image-preview:large","max-video-preview":"max-video-preview:-1"},"canonical":"https:\/\/crocodilemessage.com\/en\/contactos\/","og_locale":"en_GB","og_type":"article","og_title":"Contactos - Crocodile Message","og_description":"A Crocodile Message, Lda \u00e9 uma empresa especializada no desenvolvimento de solu\u00e7\u00f5es digitais para o setor de alojamento local e f\u00e9rias. Desenvolvemos software de gest\u00e3o de propriedades (PMS), com integra\u00e7\u00e3o de Channel Manager, design de websites para Vacation Rentals, e estrat\u00e9gias de marketing digital orientadas ao turismo.","og_url":"https:\/\/crocodilemessage.com\/en\/contactos\/","og_site_name":"Crocodile Message","article_modified_time":"2025-08-21T14:21:48+00:00","twitter_card":"summary_large_image","twitter_misc":{"Estimated reading time":"1 minute"},"schema":{"@context":"https:\/\/schema.org","@graph":[{"@type":"WebPage","@id":"https:\/\/crocodilemessage.com\/contactos\/","url":"https:\/\/crocodilemessage.com\/contactos\/","name":"Contactos - Crocodile Message","isPartOf":{"@id":"https:\/\/crocodilemessage.com\/#website"},"datePublished":"2018-09-05T05:46:26+00:00","dateModified":"2025-08-21T14:21:48+00:00","description":"Crocodile Message, Lda is a company specialising in the development of digital solutions for the local accommodation and holiday sector. We develop property management software (PMS), with Channel Manager integration, website design for Vacation Rentals, and tourism-orientated digital marketing strategies.","breadcrumb":{"@id":"https:\/\/crocodilemessage.com\/contactos\/#breadcrumb"},"inLanguage":"en-GB","potentialAction":[{"@type":"ReadAction","target":["https:\/\/crocodilemessage.com\/contactos\/"]}]},{"@type":"BreadcrumbList","@id":"https:\/\/crocodilemessage.com\/contactos\/#breadcrumb","itemListElement":[{"@type":"ListItem","position":1,"name":"Home","item":"https:\/\/crocodilemessage.com\/"},{"@type":"ListItem","position":2,"name":"Contactos"}]},{"@type":"WebSite","@id":"https:\/\/crocodilemessage.com\/#website","url":"https:\/\/crocodilemessage.com\/","name":"Crocodile Message","description":"","potentialAction":[{"@type":"SearchAction","target":{"@type":"EntryPoint","urlTemplate":"https:\/\/crocodilemessage.com\/?s={search_term_string}"},"query-input":{"@type":"PropertyValueSpecification","valueRequired":true,"valueName":"search_term_string"}}],"inLanguage":"en-GB"}]}},"_links":{"self":[{"href":"https:\/\/crocodilemessage.com\/en\/wp-json\/wp\/v2\/pages\/120","targetHints":{"allow":["GET"]}}],"collection":[{"href":"https:\/\/crocodilemessage.com\/en\/wp-json\/wp\/v2\/pages"}],"about":[{"href":"https:\/\/crocodilemessage.com\/en\/wp-json\/wp\/v2\/types\/page"}],"author":[{"embeddable":true,"href":"https:\/\/crocodilemessage.com\/en\/wp-json\/wp\/v2\/users\/1"}],"replies":[{"embeddable":true,"href":"https:\/\/crocodilemessage.com\/en\/wp-json\/wp\/v2\/comments?post=120"}],"version-history":[{"count":11,"href":"https:\/\/crocodilemessage.com\/en\/wp-json\/wp\/v2\/pages\/120\/revisions"}],"predecessor-version":[{"id":1650,"href":"https:\/\/crocodilemessage.com\/en\/wp-json\/wp\/v2\/pages\/120\/revisions\/1650"}],"wp:attachment":[{"href":"https:\/\/crocodilemessage.com\/en\/wp-json\/wp\/v2\/media?parent=120"}],"curies":[{"name":"wp","href":"https:\/\/api.w.org\/{rel}","templated":true}]}}