{"id":1582,"date":"2025-07-28T16:24:07","date_gmt":"2025-07-28T16:24:07","guid":{"rendered":"https:\/\/crocodilemessage.com\/?page_id=1582"},"modified":"2025-07-29T15:51:17","modified_gmt":"2025-07-29T15:51:17","slug":"sistemas-de-gestao-de-propriedades","status":"publish","type":"page","link":"https:\/\/crocodilemessage.com\/en\/sistemas-de-gestao-de-propriedades\/","title":{"rendered":"Property Management Systems"},"content":{"rendered":"<div class=\"wpb-content-wrapper\"><!-- CWS Row --><div class=\"cws-content\" style=\"background-repeat:repeat;background-size:initial;background-attachment:scroll;background-position:0% 0%;\"><div class=\"cws_extra_wrapper\"><div class=\"vc_row wpb_row vc_row-fluid\"><div class=\"wpb_column vc_column_container vc_col-sm-12 cws-column\"><div class=\"cws_vc_column-inner\"><div class=\"wpb_column vc_column_container vc_col-sm-12\"><div class=\"vc_column-inner\"><div class=\"wpb_wrapper\"><div class='cws_textmodule cws_vc_shortcode_module' id='cws_textmodule_69e1278ba395e'><div class='cws_textmodule_wrapper'><div class='cws_textmodule_text text_align_center'><div class='cws_textmodule_titles'><div class='cws_textmodule_subtitle_wrapper with_decor'><span class='subtitile_left_decor'><\/span><h4 class='cws_textmodule_subtitle'>SERVICES<\/h4><span class='subtitile_right_decor'><\/span><\/div><h4 class='cws_textmodule_title small'>Property Management Systems<\/h4><\/div><div class='cws_textmodule_content'><div class='text_content_wrapper'><p data-start=\"198\" data-end=\"493\">In <strong data-start=\"201\" data-end=\"227\">Crocodile Message, Lda<\/strong>We are passionate about turning ideas into intelligent digital solutions. We specialise in software development for the automotive sector. <strong data-start=\"367\" data-end=\"396\">local accommodation and holidays<\/strong>We create tools that help businesses grow with efficiency, technology and a focus on tourism.<\/p>\n<p data-start=\"495\" data-end=\"769\">We develop <strong data-start=\"509\" data-end=\"554\">property management software (PMS)<\/strong> with integration of <strong data-start=\"573\" data-end=\"592\">Channel Manager<\/strong>This allows centralised control of bookings on multiple platforms such as Airbnb, Booking.com and others. This guarantees greater agility in the operation and a reduction in manual errors.<\/p>\n<\/div><\/div><\/div><\/div><\/div><\/div><\/div><\/div><!-- CWS Column --> <\/div><\/div><\/div><\/div><\/div><!-- CWS Row --><div class=\"cws-content\" style=\"background-repeat:repeat;background-size:initial;background-attachment:scroll;background-position:0% 0%;\"><div class=\"cws_extra_wrapper\"><div class=\"vc_row wpb_row vc_row-fluid\"><div class=\"wpb_column vc_column_container vc_col-sm-12 cws-column\"><div class=\"cws_vc_column-inner\"><div class=\"wpb_column vc_column_container vc_col-sm-12\"><div class=\"vc_column-inner\"><div class=\"wpb_wrapper\">\n\t<div  class=\"wpb_single_image wpb_content_element vc_align_center wpb_content_element vc_custom_1753800024118\">\n\t\t\n\t\t<figure class=\"wpb_wrapper vc_figure\">\n\t\t\t<div class=\"vc_single_image-wrapper   vc_box_border_grey\"><img decoding=\"async\" class=\"vc_single_image-img\" src=\"https:\/\/crocodilemessage.com\/wp-content\/uploads\/2025\/07\/servicos_01_pms-500x500.jpg\" width=\"500\" height=\"500\" alt=\"servicos_01_pms\" title=\"services_01_pms\" loading=\"lazy\" \/><\/div>\n\t\t<\/figure>\n\t<\/div>\n<\/div><\/div><\/div><!-- CWS Column --> <\/div><\/div><\/div><\/div><\/div><!-- CWS Row --><div class=\"cws-content\" style=\"background-repeat:repeat;background-size:initial;background-attachment:scroll;background-position:0% 0%;\"><div class=\"cws_extra_wrapper\"><div class=\"vc_row wpb_row vc_row-fluid\"><div class=\"wpb_column vc_column_container vc_col-sm-12 cws-column\"><div class=\"cws_vc_column-inner\"><div class=\"wpb_column vc_column_container vc_col-sm-12\"><div class=\"vc_column-inner\"><div class=\"wpb_wrapper\"><div class='cws_textmodule cws_vc_shortcode_module  vc_custom_1753720198423' id='cws_textmodule_69e1278ba44d2'><div class='cws_textmodule_wrapper'><div class='cws_textmodule_text text_align_center'><div class='cws_textmodule_titles'><\/div><div class='cws_textmodule_content'><div class='text_content_wrapper'><p data-start=\"771\" data-end=\"957\">We also created <strong data-start=\"786\" data-end=\"835\">personalised websites for Vacation Rentals<\/strong>optimised for conversion, with a focus on providing an excellent user experience and promoting direct bookings.<\/p>\n<p data-start=\"959\" data-end=\"1181\">We also offer <strong data-start=\"982\" data-end=\"1018\">digital marketing strategies<\/strong> orientated towards the tourism sector, helping our clients to increase their online visibility, attract more guests and strengthen their brand's presence in the market.<\/p>\n<p data-start=\"1183\" data-end=\"1369\">Our mission is to empower tourism professionals and companies with technological tools that simplify management, increase profitability and contribute to excellent service.<\/p>\n<\/div><\/div><\/div><\/div><\/div><\/div><\/div><\/div><!-- CWS Column --> <\/div><\/div><\/div><\/div><\/div><!-- CWS Row --><div class=\"cws-content\" style=\"background-repeat:repeat;background-size:initial;background-attachment:scroll;background-position:0% 0%;\"><div class=\"cws_extra_wrapper\"><div class=\"vc_row wpb_row vc_row-fluid vc_custom_1753783477208 vc_row-has-fill\"><div class=\"wpb_column vc_column_container vc_col-sm-12 vc_col-has-fill vc_col-has-border vc_col-has-padding vc_col-has-margin cws-column\"><div class=\"cws_vc_column-inner vc_custom_1753783422634\"><div class=\"wpb_column vc_column_container vc_col-sm-12 vc_col-has-fill\"><div class=\"vc_column-inner vc_custom_1753783422634\"><div class=\"wpb_wrapper\"><div id='banner_id_69e1278ba483f' class='vintwood_banner advanced  with_button'><div class='banner_wrapper align_left flexed'><div class='banner_table'><div class='banner_cell'><h3 class='banner_title'>SHALL WE WORK TOGETHER?<\/h3><span class='banner_offer'>CONTACT US!<\/span><\/div><\/div><div class='banner_button'><div class='sc_button_wrapper  align-left mobile-align-center'><a href='\/en\/contactos\/' class='cws_custom_button regular advanced' id='cws_vc_shortcode_button_69e1278ba48ac'>CONTACT US<\/a><\/div><\/div><\/div><\/div><\/div><\/div><\/div><!-- CWS Column --> <\/div><\/div><\/div><\/div><\/div>\n<\/div>","protected":false},"excerpt":{"rendered":"SERVI\u00c7OSSistemas de Gest\u00e3o de PropriedadesNa Crocodile Message, Lda, somos apaixonados por transformar ideias em solu\u00e7\u00f5es digitais inteligentes. Especializados no desenvolvimento de software para o setor de alojamento local e f\u00e9rias, criamos ferramentas que ajudam neg\u00f3cios a crescer com efici\u00eancia, tecnologia e foco no turismo. Desenvolvemos softwares de gest\u00e3o de propriedades (PMS) com integra\u00e7\u00e3o de Channel Manager, permitindo o controlo centralizado de reservas em m\u00faltiplas plataformas como Airbnb, Booking.com e outras. Isso garante maior agilidade na opera\u00e7\u00e3o e redu\u00e7\u00e3o de erros manuais. Tamb\u00e9m criamos websites personalizados para Vacation Rentals, otimizados para convers\u00e3o, com foco em proporcionar uma excelente experi\u00eancia ao utilizador e promover reservas diretas. Al\u00e9m disso, oferecemos estrat\u00e9gias de marketing digital orientadas ao setor tur\u00edstico, ajudando os nossos clientes a aumentar a visibilidade online, atrair mais h\u00f3spedes e fortalecer a presen\u00e7a da sua marca no mercado. A nossa miss\u00e3o \u00e9 capacitar profissionais e empresas do turismo com ferramentas tecnol\u00f3gicas que simplificam a gest\u00e3o, aumentam a rentabilidade e contribuem para um servi\u00e7o de excel\u00eancia. VAMOS TRABALHAR JUNTOS?FALE CONNOSCO!CONTACTOS","protected":false},"author":1,"featured_media":0,"parent":0,"menu_order":0,"comment_status":"closed","ping_status":"closed","template":"","meta":{"_themeisle_gutenberg_block_has_review":false,"footnotes":""},"class_list":["post-1582","page","type-page","status-publish","hentry"],"yoast_head":"<!-- This site is optimized with the Yoast SEO plugin v27.4 - https:\/\/yoast.com\/product\/yoast-seo-wordpress\/ -->\n<title>Sistemas de Gest\u00e3o de Propriedades - Crocodile Message<\/title>\n<meta name=\"description\" content=\"A Crocodile Message, Lda \u00e9 uma empresa especializada no desenvolvimento de solu\u00e7\u00f5es digitais para o setor de alojamento local e f\u00e9rias. Desenvolvemos software de gest\u00e3o de propriedades (PMS), com integra\u00e7\u00e3o de Channel Manager, design de websites para Vacation Rentals, e estrat\u00e9gias de marketing digital orientadas ao turismo.\" \/>\n<meta name=\"robots\" content=\"index, follow, max-snippet:-1, max-image-preview:large, max-video-preview:-1\" \/>\n<link rel=\"canonical\" href=\"https:\/\/crocodilemessage.com\/en\/sistemas-de-gestao-de-propriedades\/\" \/>\n<meta property=\"og:locale\" content=\"en_GB\" \/>\n<meta property=\"og:type\" content=\"article\" \/>\n<meta property=\"og:title\" content=\"Sistemas de Gest\u00e3o de Propriedades - Crocodile Message\" \/>\n<meta property=\"og:description\" content=\"A Crocodile Message, Lda \u00e9 uma empresa especializada no desenvolvimento de solu\u00e7\u00f5es digitais para o setor de alojamento local e f\u00e9rias. Desenvolvemos software de gest\u00e3o de propriedades (PMS), com integra\u00e7\u00e3o de Channel Manager, design de websites para Vacation Rentals, e estrat\u00e9gias de marketing digital orientadas ao turismo.\" \/>\n<meta property=\"og:url\" content=\"https:\/\/crocodilemessage.com\/en\/sistemas-de-gestao-de-propriedades\/\" \/>\n<meta property=\"og:site_name\" content=\"Crocodile Message\" \/>\n<meta property=\"article:modified_time\" content=\"2025-07-29T15:51:17+00:00\" \/>\n<meta name=\"twitter:card\" content=\"summary_large_image\" \/>\n<meta name=\"twitter:label1\" content=\"Estimated reading time\" \/>\n\t<meta name=\"twitter:data1\" content=\"1 minute\" \/>\n<script type=\"application\/ld+json\" class=\"yoast-schema-graph\">{\"@context\":\"https:\\\/\\\/schema.org\",\"@graph\":[{\"@type\":\"WebPage\",\"@id\":\"https:\\\/\\\/crocodilemessage.com\\\/sistemas-de-gestao-de-propriedades\\\/\",\"url\":\"https:\\\/\\\/crocodilemessage.com\\\/sistemas-de-gestao-de-propriedades\\\/\",\"name\":\"Sistemas de Gest\u00e3o de Propriedades - Crocodile Message\",\"isPartOf\":{\"@id\":\"https:\\\/\\\/crocodilemessage.com\\\/#website\"},\"datePublished\":\"2025-07-28T16:24:07+00:00\",\"dateModified\":\"2025-07-29T15:51:17+00:00\",\"description\":\"A Crocodile Message, Lda \u00e9 uma empresa especializada no desenvolvimento de solu\u00e7\u00f5es digitais para o setor de alojamento local e f\u00e9rias. Desenvolvemos software de gest\u00e3o de propriedades (PMS), com integra\u00e7\u00e3o de Channel Manager, design de websites para Vacation Rentals, e estrat\u00e9gias de marketing digital orientadas ao turismo.\",\"breadcrumb\":{\"@id\":\"https:\\\/\\\/crocodilemessage.com\\\/sistemas-de-gestao-de-propriedades\\\/#breadcrumb\"},\"inLanguage\":\"en-GB\",\"potentialAction\":[{\"@type\":\"ReadAction\",\"target\":[\"https:\\\/\\\/crocodilemessage.com\\\/sistemas-de-gestao-de-propriedades\\\/\"]}]},{\"@type\":\"BreadcrumbList\",\"@id\":\"https:\\\/\\\/crocodilemessage.com\\\/sistemas-de-gestao-de-propriedades\\\/#breadcrumb\",\"itemListElement\":[{\"@type\":\"ListItem\",\"position\":1,\"name\":\"Home\",\"item\":\"https:\\\/\\\/crocodilemessage.com\\\/\"},{\"@type\":\"ListItem\",\"position\":2,\"name\":\"Sistemas de Gest\u00e3o de Propriedades\"}]},{\"@type\":\"WebSite\",\"@id\":\"https:\\\/\\\/crocodilemessage.com\\\/#website\",\"url\":\"https:\\\/\\\/crocodilemessage.com\\\/\",\"name\":\"Crocodile Message\",\"description\":\"\",\"potentialAction\":[{\"@type\":\"SearchAction\",\"target\":{\"@type\":\"EntryPoint\",\"urlTemplate\":\"https:\\\/\\\/crocodilemessage.com\\\/?s={search_term_string}\"},\"query-input\":{\"@type\":\"PropertyValueSpecification\",\"valueRequired\":true,\"valueName\":\"search_term_string\"}}],\"inLanguage\":\"en-GB\"}]}<\/script>\n<!-- \/ Yoast SEO plugin. -->","yoast_head_json":{"title":"Sistemas de Gest\u00e3o de Propriedades - Crocodile Message","description":"Crocodile Message, Lda is a company specialising in the development of digital solutions for the local accommodation and holiday sector. We develop property management software (PMS), with Channel Manager integration, website design for Vacation Rentals, and tourism-orientated digital marketing strategies.","robots":{"index":"index","follow":"follow","max-snippet":"max-snippet:-1","max-image-preview":"max-image-preview:large","max-video-preview":"max-video-preview:-1"},"canonical":"https:\/\/crocodilemessage.com\/en\/sistemas-de-gestao-de-propriedades\/","og_locale":"en_GB","og_type":"article","og_title":"Sistemas de Gest\u00e3o de Propriedades - Crocodile Message","og_description":"A Crocodile Message, Lda \u00e9 uma empresa especializada no desenvolvimento de solu\u00e7\u00f5es digitais para o setor de alojamento local e f\u00e9rias. Desenvolvemos software de gest\u00e3o de propriedades (PMS), com integra\u00e7\u00e3o de Channel Manager, design de websites para Vacation Rentals, e estrat\u00e9gias de marketing digital orientadas ao turismo.","og_url":"https:\/\/crocodilemessage.com\/en\/sistemas-de-gestao-de-propriedades\/","og_site_name":"Crocodile Message","article_modified_time":"2025-07-29T15:51:17+00:00","twitter_card":"summary_large_image","twitter_misc":{"Estimated reading time":"1 minute"},"schema":{"@context":"https:\/\/schema.org","@graph":[{"@type":"WebPage","@id":"https:\/\/crocodilemessage.com\/sistemas-de-gestao-de-propriedades\/","url":"https:\/\/crocodilemessage.com\/sistemas-de-gestao-de-propriedades\/","name":"Sistemas de Gest\u00e3o de Propriedades - Crocodile Message","isPartOf":{"@id":"https:\/\/crocodilemessage.com\/#website"},"datePublished":"2025-07-28T16:24:07+00:00","dateModified":"2025-07-29T15:51:17+00:00","description":"Crocodile Message, Lda is a company specialising in the development of digital solutions for the local accommodation and holiday sector. We develop property management software (PMS), with Channel Manager integration, website design for Vacation Rentals, and tourism-orientated digital marketing strategies.","breadcrumb":{"@id":"https:\/\/crocodilemessage.com\/sistemas-de-gestao-de-propriedades\/#breadcrumb"},"inLanguage":"en-GB","potentialAction":[{"@type":"ReadAction","target":["https:\/\/crocodilemessage.com\/sistemas-de-gestao-de-propriedades\/"]}]},{"@type":"BreadcrumbList","@id":"https:\/\/crocodilemessage.com\/sistemas-de-gestao-de-propriedades\/#breadcrumb","itemListElement":[{"@type":"ListItem","position":1,"name":"Home","item":"https:\/\/crocodilemessage.com\/"},{"@type":"ListItem","position":2,"name":"Sistemas de Gest\u00e3o de Propriedades"}]},{"@type":"WebSite","@id":"https:\/\/crocodilemessage.com\/#website","url":"https:\/\/crocodilemessage.com\/","name":"Crocodile Message","description":"","potentialAction":[{"@type":"SearchAction","target":{"@type":"EntryPoint","urlTemplate":"https:\/\/crocodilemessage.com\/?s={search_term_string}"},"query-input":{"@type":"PropertyValueSpecification","valueRequired":true,"valueName":"search_term_string"}}],"inLanguage":"en-GB"}]}},"_links":{"self":[{"href":"https:\/\/crocodilemessage.com\/en\/wp-json\/wp\/v2\/pages\/1582","targetHints":{"allow":["GET"]}}],"collection":[{"href":"https:\/\/crocodilemessage.com\/en\/wp-json\/wp\/v2\/pages"}],"about":[{"href":"https:\/\/crocodilemessage.com\/en\/wp-json\/wp\/v2\/types\/page"}],"author":[{"embeddable":true,"href":"https:\/\/crocodilemessage.com\/en\/wp-json\/wp\/v2\/users\/1"}],"replies":[{"embeddable":true,"href":"https:\/\/crocodilemessage.com\/en\/wp-json\/wp\/v2\/comments?post=1582"}],"version-history":[{"count":11,"href":"https:\/\/crocodilemessage.com\/en\/wp-json\/wp\/v2\/pages\/1582\/revisions"}],"predecessor-version":[{"id":1629,"href":"https:\/\/crocodilemessage.com\/en\/wp-json\/wp\/v2\/pages\/1582\/revisions\/1629"}],"wp:attachment":[{"href":"https:\/\/crocodilemessage.com\/en\/wp-json\/wp\/v2\/media?parent=1582"}],"curies":[{"name":"wp","href":"https:\/\/api.w.org\/{rel}","templated":true}]}}