{"id":1592,"date":"2025-07-29T10:06:14","date_gmt":"2025-07-29T10:06:14","guid":{"rendered":"https:\/\/crocodilemessage.com\/?page_id=1592"},"modified":"2025-07-29T15:51:41","modified_gmt":"2025-07-29T15:51:41","slug":"integracao-com-channel-managers","status":"publish","type":"page","link":"https:\/\/crocodilemessage.com\/en\/integracao-com-channel-managers\/","title":{"rendered":"Integration with Channel Managers"},"content":{"rendered":"<div class=\"wpb-content-wrapper\"><!-- CWS Row --><div class=\"cws-content\" style=\"background-repeat:repeat;background-size:initial;background-attachment:scroll;background-position:0% 0%;\"><div class=\"cws_extra_wrapper\"><div class=\"vc_row wpb_row vc_row-fluid\"><div class=\"wpb_column vc_column_container vc_col-sm-12 cws-column\"><div class=\"cws_vc_column-inner\"><div class=\"wpb_column vc_column_container vc_col-sm-12\"><div class=\"vc_column-inner\"><div class=\"wpb_wrapper\"><div class='cws_textmodule cws_vc_shortcode_module' id='cws_textmodule_69e12783a1e3a'><div class='cws_textmodule_wrapper'><div class='cws_textmodule_text text_align_center'><div class='cws_textmodule_titles'><div class='cws_textmodule_subtitle_wrapper with_decor'><span class='subtitile_left_decor'><\/span><h4 class='cws_textmodule_subtitle'>SERVICES<\/h4><span class='subtitile_right_decor'><\/span><\/div><h3 class='cws_textmodule_title small'>Integration with Channel Managers<\/h3><\/div><div class='cws_textmodule_content'><div class='text_content_wrapper'><p data-start=\"188\" data-end=\"361\">We connect your accommodation to the main online sales channels, such as <strong data-start=\"260\" data-end=\"289\">Airbnb, Booking.com, VRBO<\/strong>among others, through <strong data-start=\"316\" data-end=\"336\">Channel Managers<\/strong> reliable and efficient.<\/p>\n<p data-start=\"363\" data-end=\"614\">With this integration, <strong data-start=\"384\" data-end=\"452\">we automatically synchronise availability, prices and bookings<\/strong>This ensures that all platforms are always up to date. This <strong data-start=\"523\" data-end=\"545\">avoid overbookings<\/strong>minimises manual errors and <strong data-start=\"572\" data-end=\"596\">save precious time<\/strong> in day-to-day management.<\/p>\n<\/div><\/div><\/div><\/div><\/div><\/div><\/div><\/div><!-- CWS Column --> <\/div><\/div><\/div><\/div><\/div><!-- CWS Row --><div class=\"cws-content\" style=\"background-repeat:repeat;background-size:initial;background-attachment:scroll;background-position:0% 0%;\"><div class=\"cws_extra_wrapper\"><div class=\"vc_row wpb_row vc_row-fluid\"><div class=\"wpb_column vc_column_container vc_col-sm-12 cws-column\"><div class=\"cws_vc_column-inner\"><div class=\"wpb_column vc_column_container vc_col-sm-12\"><div class=\"vc_column-inner\"><div class=\"wpb_wrapper\">\n\t<div  class=\"wpb_single_image wpb_content_element vc_align_center wpb_content_element vc_custom_1753800086008\">\n\t\t\n\t\t<figure class=\"wpb_wrapper vc_figure\">\n\t\t\t<div class=\"vc_single_image-wrapper   vc_box_border_grey\"><img decoding=\"async\" class=\"vc_single_image-img\" src=\"https:\/\/crocodilemessage.com\/wp-content\/uploads\/2025\/07\/servicos_02_channel-manager-int-500x500.jpg\" width=\"500\" height=\"500\" alt=\"servicos_02_channel manager int\" title=\"services_02_channel manager int\" loading=\"lazy\" \/><\/div>\n\t\t<\/figure>\n\t<\/div>\n<\/div><\/div><\/div><!-- CWS Column --> <\/div><\/div><\/div><\/div><\/div><!-- CWS Row --><div class=\"cws-content\" style=\"background-repeat:repeat;background-size:initial;background-attachment:scroll;background-position:0% 0%;\"><div class=\"cws_extra_wrapper\"><div class=\"vc_row wpb_row vc_row-fluid\"><div class=\"wpb_column vc_column_container vc_col-sm-12 cws-column\"><div class=\"cws_vc_column-inner\"><div class=\"wpb_column vc_column_container vc_col-sm-12\"><div class=\"vc_column-inner\"><div class=\"wpb_wrapper\"><div class='cws_textmodule cws_vc_shortcode_module' id='cws_textmodule_69e12783a2874'><div class='cws_textmodule_wrapper'><div class='cws_textmodule_text text_align_left'><div class='cws_textmodule_titles'><\/div><div class='cws_textmodule_content'><div class='text_content_wrapper'><p>It's an essential solution for those who want to <strong data-start=\"659\" data-end=\"724\">Scale the operation safely, efficiently and with total control<\/strong>maximising the exposure of your business and increasing booking opportunities - without duplicating effort.<\/p>\n<\/div><\/div><\/div><\/div><\/div><\/div><\/div><\/div><!-- CWS Column --> <\/div><\/div><\/div><\/div><\/div><!-- CWS Row --><div class=\"cws-content\" style=\"background-repeat:repeat;background-size:initial;background-attachment:scroll;background-position:0% 0%;\"><div class=\"cws_extra_wrapper\"><div class=\"vc_row wpb_row vc_row-fluid vc_custom_1753784566515 vc_row-has-fill\"><div class=\"wpb_column vc_column_container vc_col-sm-12 cws-column\"><div class=\"cws_vc_column-inner\"><div class=\"wpb_column vc_column_container vc_col-sm-12\"><div class=\"vc_column-inner\"><div class=\"wpb_wrapper\"><div id='banner_id_69e12783a2b8b' class='vintwood_banner advanced  with_button'><div class='banner_wrapper align_left flexed'><div class='banner_table'><div class='banner_cell'><h3 class='banner_title'>SHALL WE WORK TOGETHER?<\/h3><span class='banner_offer'>CONTACT US!<\/span><\/div><\/div><div class='banner_button'><div class='sc_button_wrapper  align-left mobile-align-center'><a href='\/en\/contactos\/' class='cws_custom_button regular advanced' id='cws_vc_shortcode_button_69e12783a2bf6'>CONTACT US<\/a><\/div><\/div><\/div><\/div><\/div><\/div><\/div><!-- CWS Column --> <\/div><\/div><\/div><\/div><\/div>\n<\/div>","protected":false},"excerpt":{"rendered":"SERVI\u00c7OSIntegra\u00e7\u00e3o com Channel ManagersConectamos o seu alojamento aos principais canais de venda online, como Airbnb, Booking.com, VRBO, entre outros, atrav\u00e9s de Channel Managers confi\u00e1veis e eficientes. Com esta integra\u00e7\u00e3o, sincronizamos automaticamente disponibilidade, pre\u00e7os e reservas, garantindo que todas as plataformas estejam sempre atualizadas. Isso evita overbookings, minimiza erros manuais e poupa tempo precioso na gest\u00e3o di\u00e1ria. \u00c9 uma solu\u00e7\u00e3o essencial para quem pretende escalar a opera\u00e7\u00e3o com seguran\u00e7a, efici\u00eancia e controlo total, maximizando a exposi\u00e7\u00e3o do seu neg\u00f3cio e aumentando as oportunidades de reserva \u2014 sem esfor\u00e7o duplicado. VAMOS TRABALHAR JUNTOS?FALE CONNOSCO!CONTACTOS","protected":false},"author":1,"featured_media":0,"parent":0,"menu_order":0,"comment_status":"closed","ping_status":"closed","template":"","meta":{"_themeisle_gutenberg_block_has_review":false,"footnotes":""},"class_list":["post-1592","page","type-page","status-publish","hentry"],"yoast_head":"<!-- This site is optimized with the Yoast SEO plugin v27.4 - https:\/\/yoast.com\/product\/yoast-seo-wordpress\/ -->\n<title>Integra\u00e7\u00e3o com Channel Managers - Crocodile Message<\/title>\n<meta name=\"description\" content=\"A Crocodile Message, Lda \u00e9 uma empresa especializada no desenvolvimento de solu\u00e7\u00f5es digitais para o setor de alojamento local e f\u00e9rias. Desenvolvemos software de gest\u00e3o de propriedades (PMS), com integra\u00e7\u00e3o de Channel Manager, design de websites para Vacation Rentals, e estrat\u00e9gias de marketing digital orientadas ao turismo.\" \/>\n<meta name=\"robots\" content=\"index, follow, max-snippet:-1, max-image-preview:large, max-video-preview:-1\" \/>\n<link rel=\"canonical\" href=\"https:\/\/crocodilemessage.com\/en\/integracao-com-channel-managers\/\" \/>\n<meta property=\"og:locale\" content=\"en_GB\" \/>\n<meta property=\"og:type\" content=\"article\" \/>\n<meta property=\"og:title\" content=\"Integra\u00e7\u00e3o com Channel Managers - Crocodile Message\" \/>\n<meta property=\"og:description\" content=\"A Crocodile Message, Lda \u00e9 uma empresa especializada no desenvolvimento de solu\u00e7\u00f5es digitais para o setor de alojamento local e f\u00e9rias. Desenvolvemos software de gest\u00e3o de propriedades (PMS), com integra\u00e7\u00e3o de Channel Manager, design de websites para Vacation Rentals, e estrat\u00e9gias de marketing digital orientadas ao turismo.\" \/>\n<meta property=\"og:url\" content=\"https:\/\/crocodilemessage.com\/en\/integracao-com-channel-managers\/\" \/>\n<meta property=\"og:site_name\" content=\"Crocodile Message\" \/>\n<meta property=\"article:modified_time\" content=\"2025-07-29T15:51:41+00:00\" \/>\n<meta name=\"twitter:card\" content=\"summary_large_image\" \/>\n<meta name=\"twitter:label1\" content=\"Estimated reading time\" \/>\n\t<meta name=\"twitter:data1\" content=\"1 minute\" \/>\n<script type=\"application\/ld+json\" class=\"yoast-schema-graph\">{\"@context\":\"https:\\\/\\\/schema.org\",\"@graph\":[{\"@type\":\"WebPage\",\"@id\":\"https:\\\/\\\/crocodilemessage.com\\\/integracao-com-channel-managers\\\/\",\"url\":\"https:\\\/\\\/crocodilemessage.com\\\/integracao-com-channel-managers\\\/\",\"name\":\"Integra\u00e7\u00e3o com Channel Managers - Crocodile Message\",\"isPartOf\":{\"@id\":\"https:\\\/\\\/crocodilemessage.com\\\/#website\"},\"datePublished\":\"2025-07-29T10:06:14+00:00\",\"dateModified\":\"2025-07-29T15:51:41+00:00\",\"description\":\"A Crocodile Message, Lda \u00e9 uma empresa especializada no desenvolvimento de solu\u00e7\u00f5es digitais para o setor de alojamento local e f\u00e9rias. Desenvolvemos software de gest\u00e3o de propriedades (PMS), com integra\u00e7\u00e3o de Channel Manager, design de websites para Vacation Rentals, e estrat\u00e9gias de marketing digital orientadas ao turismo.\",\"breadcrumb\":{\"@id\":\"https:\\\/\\\/crocodilemessage.com\\\/integracao-com-channel-managers\\\/#breadcrumb\"},\"inLanguage\":\"en-GB\",\"potentialAction\":[{\"@type\":\"ReadAction\",\"target\":[\"https:\\\/\\\/crocodilemessage.com\\\/integracao-com-channel-managers\\\/\"]}]},{\"@type\":\"BreadcrumbList\",\"@id\":\"https:\\\/\\\/crocodilemessage.com\\\/integracao-com-channel-managers\\\/#breadcrumb\",\"itemListElement\":[{\"@type\":\"ListItem\",\"position\":1,\"name\":\"Home\",\"item\":\"https:\\\/\\\/crocodilemessage.com\\\/\"},{\"@type\":\"ListItem\",\"position\":2,\"name\":\"Integra\u00e7\u00e3o com Channel Managers\"}]},{\"@type\":\"WebSite\",\"@id\":\"https:\\\/\\\/crocodilemessage.com\\\/#website\",\"url\":\"https:\\\/\\\/crocodilemessage.com\\\/\",\"name\":\"Crocodile Message\",\"description\":\"\",\"potentialAction\":[{\"@type\":\"SearchAction\",\"target\":{\"@type\":\"EntryPoint\",\"urlTemplate\":\"https:\\\/\\\/crocodilemessage.com\\\/?s={search_term_string}\"},\"query-input\":{\"@type\":\"PropertyValueSpecification\",\"valueRequired\":true,\"valueName\":\"search_term_string\"}}],\"inLanguage\":\"en-GB\"}]}<\/script>\n<!-- \/ Yoast SEO plugin. -->","yoast_head_json":{"title":"Integra\u00e7\u00e3o com Channel Managers - Crocodile Message","description":"Crocodile Message, Lda is a company specialising in the development of digital solutions for the local accommodation and holiday sector. We develop property management software (PMS), with Channel Manager integration, website design for Vacation Rentals, and tourism-orientated digital marketing strategies.","robots":{"index":"index","follow":"follow","max-snippet":"max-snippet:-1","max-image-preview":"max-image-preview:large","max-video-preview":"max-video-preview:-1"},"canonical":"https:\/\/crocodilemessage.com\/en\/integracao-com-channel-managers\/","og_locale":"en_GB","og_type":"article","og_title":"Integra\u00e7\u00e3o com Channel Managers - Crocodile Message","og_description":"A Crocodile Message, Lda \u00e9 uma empresa especializada no desenvolvimento de solu\u00e7\u00f5es digitais para o setor de alojamento local e f\u00e9rias. Desenvolvemos software de gest\u00e3o de propriedades (PMS), com integra\u00e7\u00e3o de Channel Manager, design de websites para Vacation Rentals, e estrat\u00e9gias de marketing digital orientadas ao turismo.","og_url":"https:\/\/crocodilemessage.com\/en\/integracao-com-channel-managers\/","og_site_name":"Crocodile Message","article_modified_time":"2025-07-29T15:51:41+00:00","twitter_card":"summary_large_image","twitter_misc":{"Estimated reading time":"1 minute"},"schema":{"@context":"https:\/\/schema.org","@graph":[{"@type":"WebPage","@id":"https:\/\/crocodilemessage.com\/integracao-com-channel-managers\/","url":"https:\/\/crocodilemessage.com\/integracao-com-channel-managers\/","name":"Integra\u00e7\u00e3o com Channel Managers - Crocodile Message","isPartOf":{"@id":"https:\/\/crocodilemessage.com\/#website"},"datePublished":"2025-07-29T10:06:14+00:00","dateModified":"2025-07-29T15:51:41+00:00","description":"Crocodile Message, Lda is a company specialising in the development of digital solutions for the local accommodation and holiday sector. We develop property management software (PMS), with Channel Manager integration, website design for Vacation Rentals, and tourism-orientated digital marketing strategies.","breadcrumb":{"@id":"https:\/\/crocodilemessage.com\/integracao-com-channel-managers\/#breadcrumb"},"inLanguage":"en-GB","potentialAction":[{"@type":"ReadAction","target":["https:\/\/crocodilemessage.com\/integracao-com-channel-managers\/"]}]},{"@type":"BreadcrumbList","@id":"https:\/\/crocodilemessage.com\/integracao-com-channel-managers\/#breadcrumb","itemListElement":[{"@type":"ListItem","position":1,"name":"Home","item":"https:\/\/crocodilemessage.com\/"},{"@type":"ListItem","position":2,"name":"Integra\u00e7\u00e3o com Channel Managers"}]},{"@type":"WebSite","@id":"https:\/\/crocodilemessage.com\/#website","url":"https:\/\/crocodilemessage.com\/","name":"Crocodile Message","description":"","potentialAction":[{"@type":"SearchAction","target":{"@type":"EntryPoint","urlTemplate":"https:\/\/crocodilemessage.com\/?s={search_term_string}"},"query-input":{"@type":"PropertyValueSpecification","valueRequired":true,"valueName":"search_term_string"}}],"inLanguage":"en-GB"}]}},"_links":{"self":[{"href":"https:\/\/crocodilemessage.com\/en\/wp-json\/wp\/v2\/pages\/1592","targetHints":{"allow":["GET"]}}],"collection":[{"href":"https:\/\/crocodilemessage.com\/en\/wp-json\/wp\/v2\/pages"}],"about":[{"href":"https:\/\/crocodilemessage.com\/en\/wp-json\/wp\/v2\/types\/page"}],"author":[{"embeddable":true,"href":"https:\/\/crocodilemessage.com\/en\/wp-json\/wp\/v2\/users\/1"}],"replies":[{"embeddable":true,"href":"https:\/\/crocodilemessage.com\/en\/wp-json\/wp\/v2\/comments?post=1592"}],"version-history":[{"count":5,"href":"https:\/\/crocodilemessage.com\/en\/wp-json\/wp\/v2\/pages\/1592\/revisions"}],"predecessor-version":[{"id":1630,"href":"https:\/\/crocodilemessage.com\/en\/wp-json\/wp\/v2\/pages\/1592\/revisions\/1630"}],"wp:attachment":[{"href":"https:\/\/crocodilemessage.com\/en\/wp-json\/wp\/v2\/media?parent=1592"}],"curies":[{"name":"wp","href":"https:\/\/api.w.org\/{rel}","templated":true}]}}