{"id":1597,"date":"2025-07-29T10:26:19","date_gmt":"2025-07-29T10:26:19","guid":{"rendered":"https:\/\/crocodilemessage.com\/?page_id=1597"},"modified":"2025-07-29T15:52:19","modified_gmt":"2025-07-29T15:52:19","slug":"websites-para-vacation-rentals","status":"publish","type":"page","link":"https:\/\/crocodilemessage.com\/en\/websites-para-vacation-rentals\/","title":{"rendered":"Websites for Vacation Rentals"},"content":{"rendered":"<div class=\"wpb-content-wrapper\"><!-- CWS Row --><div class=\"cws-content\" style=\"background-repeat:repeat;background-size:initial;background-attachment:scroll;background-position:0% 0%;\"><div class=\"cws_extra_wrapper\"><div class=\"vc_row wpb_row vc_row-fluid\"><div class=\"wpb_column vc_column_container vc_col-sm-12 cws-column\"><div class=\"cws_vc_column-inner\"><div class=\"wpb_column vc_column_container vc_col-sm-12\"><div class=\"vc_column-inner\"><div class=\"wpb_wrapper\"><div class='cws_textmodule cws_vc_shortcode_module' id='cws_textmodule_69e1277d469ac'><div class='cws_textmodule_wrapper'><div class='cws_textmodule_text text_align_center'><div class='cws_textmodule_titles'><div class='cws_textmodule_subtitle_wrapper with_decor'><span class='subtitile_left_decor'><\/span><h4 class='cws_textmodule_subtitle'>SERVICES<\/h4><span class='subtitile_right_decor'><\/span><\/div><h3 class='cws_textmodule_title small'>Websites for Vacation Rentals<\/h3><\/div><div class='cws_textmodule_content'><div class='text_content_wrapper'><p data-start=\"237\" data-end=\"449\">In <strong data-start=\"240\" data-end=\"266\">Crocodile Message, Lda<\/strong>we have developed <strong data-start=\"282\" data-end=\"309\">personalised websites<\/strong> for holiday properties, designed to make your brand stand out, increase conversion and generate <strong data-start=\"404\" data-end=\"448\">more profitable direct bookings<\/strong>.<\/p>\n<p data-start=\"451\" data-end=\"735\">Our websites are built with a focus on <strong data-start=\"495\" data-end=\"531\">responsive design (mobile-first)<\/strong>guarantee an excellent experience on any device, and include a <strong data-start=\"608\" data-end=\"639\">integrated booking engine<\/strong> which facilitates the customer journey from search to final booking - without OTA commissions.<\/p>\n<\/div><\/div><\/div><\/div><\/div><\/div><\/div><\/div><!-- CWS Column --> <\/div><\/div><\/div><\/div><\/div><!-- CWS Row --><div class=\"cws-content\" style=\"background-repeat:repeat;background-size:initial;background-attachment:scroll;background-position:0% 0%;\"><div class=\"cws_extra_wrapper\"><div class=\"vc_row wpb_row vc_row-fluid\"><div class=\"wpb_column vc_column_container vc_col-sm-12 cws-column\"><div class=\"cws_vc_column-inner\"><div class=\"wpb_column vc_column_container vc_col-sm-12\"><div class=\"vc_column-inner\"><div class=\"wpb_wrapper\">\n\t<div  class=\"wpb_single_image wpb_content_element vc_align_center wpb_content_element vc_custom_1753800159540\">\n\t\t\n\t\t<figure class=\"wpb_wrapper vc_figure\">\n\t\t\t<div class=\"vc_single_image-wrapper   vc_box_border_grey\"><img decoding=\"async\" class=\"vc_single_image-img\" src=\"https:\/\/crocodilemessage.com\/wp-content\/uploads\/2025\/07\/servicos-3_websites-500x500.jpg\" width=\"500\" height=\"500\" alt=\"servicos 3_websites\" title=\"services 3_websites\" loading=\"lazy\" \/><\/div>\n\t\t<\/figure>\n\t<\/div>\n<\/div><\/div><\/div><!-- CWS Column --> <\/div><\/div><\/div><\/div><\/div><!-- CWS Row --><div class=\"cws-content\" style=\"background-repeat:repeat;background-size:initial;background-attachment:scroll;background-position:0% 0%;\"><div class=\"cws_extra_wrapper\"><div class=\"vc_row wpb_row vc_row-fluid\"><div class=\"wpb_column vc_column_container vc_col-sm-12 cws-column\"><div class=\"cws_vc_column-inner\"><div class=\"wpb_column vc_column_container vc_col-sm-12\"><div class=\"vc_column-inner\"><div class=\"wpb_wrapper\"><div class='cws_textmodule cws_vc_shortcode_module' id='cws_textmodule_69e1277d47641'><div class='cws_textmodule_wrapper'><div class='cws_textmodule_text text_align_center'><div class='cws_textmodule_titles'><\/div><div class='cws_textmodule_content'><div class='text_content_wrapper'><p data-start=\"737\" data-end=\"906\">We also offer <strong data-start=\"754\" data-end=\"806\">full integration with your PMS and Channel Manager<\/strong>This allows automatic synchronisation of availability, rates and calendars, all in real time.<\/p>\n<p data-start=\"908\" data-end=\"969\">In addition to promoting your digital autonomy, our websites..:<\/p>\n<p data-start=\"972\" data-end=\"1055\"><strong data-start=\"972\" data-end=\"1008\">Strengthen brand identity<\/strong> and increase credibility with guests;<\/p>\n<p data-start=\"1058\" data-end=\"1133\"><strong data-start=\"1058\" data-end=\"1107\">Reduce dependence on external platforms<\/strong> (such as Booking or Airbnb);<\/p>\n<p data-start=\"1136\" data-end=\"1210\"><strong data-start=\"1136\" data-end=\"1167\">Encourage direct bookings<\/strong>increasing the profit margin per stay;<\/p>\n<p data-start=\"1213\" data-end=\"1288\">They are optimised for SEO, helping your business to be found on Google.<\/p>\n<p data-start=\"1290\" data-end=\"1444\">We combine performance, usability and strategy so that your site isn't just visually appealing - it's a <strong data-start=\"1396\" data-end=\"1443\">powerful sales and growth tool<\/strong>.<\/p>\n<\/div><\/div><\/div><\/div><\/div><\/div><\/div><\/div><!-- CWS Column --> <\/div><\/div><\/div><\/div><\/div><!-- CWS Row --><div class=\"cws-content\" style=\"background-repeat:repeat;background-size:initial;background-attachment:scroll;background-position:0% 0%;\"><div class=\"cws_extra_wrapper\"><div class=\"vc_row wpb_row vc_row-fluid vc_custom_1753784960329 vc_row-has-fill\"><div class=\"wpb_column vc_column_container vc_col-sm-12 vc_col-has-fill vc_col-has-border vc_col-has-padding vc_col-has-margin cws-column\"><div class=\"cws_vc_column-inner vc_custom_1753784950377\"><div class=\"wpb_column vc_column_container vc_col-sm-12 vc_col-has-fill\"><div class=\"vc_column-inner vc_custom_1753784950377\"><div class=\"wpb_wrapper\"><div id='banner_id_69e1277d479c8' class='vintwood_banner advanced  with_button'><div class='banner_wrapper align_left flexed'><div class='banner_table'><div class='banner_cell'><h3 class='banner_title'>SHALL WE WORK TOGETHER?<\/h3><span class='banner_offer'>CONTACT US!<\/span><\/div><\/div><div class='banner_button'><div class='sc_button_wrapper  align-left mobile-align-center'><a href='\/en\/contactos\/' class='cws_custom_button regular advanced' id='cws_vc_shortcode_button_69e1277d47a35'>CONTACT US<\/a><\/div><\/div><\/div><\/div><\/div><\/div><\/div><!-- CWS Column --> <\/div><\/div><\/div><\/div><\/div>\n<\/div>","protected":false},"excerpt":{"rendered":"SERVI\u00c7OSWebsites para Vacation RentalsNa Crocodile Message, Lda, desenvolvemos websites personalizados para propriedades de f\u00e9rias, pensados para destacar a sua marca, aumentar a convers\u00e3o e gerar reservas diretas com maior rentabilidade. Os nossos sites s\u00e3o constru\u00eddos com foco em design responsivo (mobile-first), garantindo uma excelente experi\u00eancia em qualquer dispositivo, e incluem um motor de reservas integrado que facilita a jornada do cliente desde a pesquisa at\u00e9 \u00e0 reserva final \u2014 sem comiss\u00f5es de OTAs. Oferecemos ainda integra\u00e7\u00e3o total com o seu PMS e Channel Manager, permitindo sincroniza\u00e7\u00e3o autom\u00e1tica de disponibilidade, tarifas e calend\u00e1rios, tudo em tempo real. Al\u00e9m de promover a sua autonomia digital, os nossos websites: Fortalecem a identidade da marca e aumentam a credibilidade junto dos h\u00f3spedes; Reduzem a depend\u00eancia de plataformas externas (como Booking ou Airbnb); Incentivam reservas diretas, aumentando a margem de lucro por estadia; S\u00e3o otimizados para SEO, ajudando o seu neg\u00f3cio a ser encontrado no Google. Combinamos performance, usabilidade e estrat\u00e9gia para que o seu site n\u00e3o seja apenas visualmente apelativo \u2014 mas sim uma ferramenta poderosa de vendas e crescimento. VAMOS TRABALHAR JUNTOS?FALE CONNOSCO!CONTACTOS","protected":false},"author":1,"featured_media":0,"parent":0,"menu_order":0,"comment_status":"closed","ping_status":"closed","template":"","meta":{"_themeisle_gutenberg_block_has_review":false,"footnotes":""},"class_list":["post-1597","page","type-page","status-publish","hentry"],"yoast_head":"<!-- This site is optimized with the Yoast SEO plugin v27.4 - https:\/\/yoast.com\/product\/yoast-seo-wordpress\/ -->\n<title>Websites para Vacation Rentals - Crocodile Message<\/title>\n<meta name=\"description\" content=\"A Crocodile Message, Lda \u00e9 uma empresa especializada no desenvolvimento de solu\u00e7\u00f5es digitais para o setor de alojamento local e f\u00e9rias. Desenvolvemos software de gest\u00e3o de propriedades (PMS), com integra\u00e7\u00e3o de Channel Manager, design de websites para Vacation Rentals, e estrat\u00e9gias de marketing digital orientadas ao turismo.\" \/>\n<meta name=\"robots\" content=\"index, follow, max-snippet:-1, max-image-preview:large, max-video-preview:-1\" \/>\n<link rel=\"canonical\" href=\"https:\/\/crocodilemessage.com\/en\/websites-para-vacation-rentals\/\" \/>\n<meta property=\"og:locale\" content=\"en_GB\" \/>\n<meta property=\"og:type\" content=\"article\" \/>\n<meta property=\"og:title\" content=\"Websites para Vacation Rentals - Crocodile Message\" \/>\n<meta property=\"og:description\" content=\"A Crocodile Message, Lda \u00e9 uma empresa especializada no desenvolvimento de solu\u00e7\u00f5es digitais para o setor de alojamento local e f\u00e9rias. Desenvolvemos software de gest\u00e3o de propriedades (PMS), com integra\u00e7\u00e3o de Channel Manager, design de websites para Vacation Rentals, e estrat\u00e9gias de marketing digital orientadas ao turismo.\" \/>\n<meta property=\"og:url\" content=\"https:\/\/crocodilemessage.com\/en\/websites-para-vacation-rentals\/\" \/>\n<meta property=\"og:site_name\" content=\"Crocodile Message\" \/>\n<meta property=\"article:modified_time\" content=\"2025-07-29T15:52:19+00:00\" \/>\n<meta name=\"twitter:card\" content=\"summary_large_image\" \/>\n<meta name=\"twitter:label1\" content=\"Estimated reading time\" \/>\n\t<meta name=\"twitter:data1\" content=\"1 minute\" \/>\n<script type=\"application\/ld+json\" class=\"yoast-schema-graph\">{\"@context\":\"https:\\\/\\\/schema.org\",\"@graph\":[{\"@type\":\"WebPage\",\"@id\":\"https:\\\/\\\/crocodilemessage.com\\\/websites-para-vacation-rentals\\\/\",\"url\":\"https:\\\/\\\/crocodilemessage.com\\\/websites-para-vacation-rentals\\\/\",\"name\":\"Websites para Vacation Rentals - Crocodile Message\",\"isPartOf\":{\"@id\":\"https:\\\/\\\/crocodilemessage.com\\\/#website\"},\"datePublished\":\"2025-07-29T10:26:19+00:00\",\"dateModified\":\"2025-07-29T15:52:19+00:00\",\"description\":\"A Crocodile Message, Lda \u00e9 uma empresa especializada no desenvolvimento de solu\u00e7\u00f5es digitais para o setor de alojamento local e f\u00e9rias. Desenvolvemos software de gest\u00e3o de propriedades (PMS), com integra\u00e7\u00e3o de Channel Manager, design de websites para Vacation Rentals, e estrat\u00e9gias de marketing digital orientadas ao turismo.\",\"breadcrumb\":{\"@id\":\"https:\\\/\\\/crocodilemessage.com\\\/websites-para-vacation-rentals\\\/#breadcrumb\"},\"inLanguage\":\"en-GB\",\"potentialAction\":[{\"@type\":\"ReadAction\",\"target\":[\"https:\\\/\\\/crocodilemessage.com\\\/websites-para-vacation-rentals\\\/\"]}]},{\"@type\":\"BreadcrumbList\",\"@id\":\"https:\\\/\\\/crocodilemessage.com\\\/websites-para-vacation-rentals\\\/#breadcrumb\",\"itemListElement\":[{\"@type\":\"ListItem\",\"position\":1,\"name\":\"Home\",\"item\":\"https:\\\/\\\/crocodilemessage.com\\\/\"},{\"@type\":\"ListItem\",\"position\":2,\"name\":\"Websites para Vacation Rentals\"}]},{\"@type\":\"WebSite\",\"@id\":\"https:\\\/\\\/crocodilemessage.com\\\/#website\",\"url\":\"https:\\\/\\\/crocodilemessage.com\\\/\",\"name\":\"Crocodile Message\",\"description\":\"\",\"potentialAction\":[{\"@type\":\"SearchAction\",\"target\":{\"@type\":\"EntryPoint\",\"urlTemplate\":\"https:\\\/\\\/crocodilemessage.com\\\/?s={search_term_string}\"},\"query-input\":{\"@type\":\"PropertyValueSpecification\",\"valueRequired\":true,\"valueName\":\"search_term_string\"}}],\"inLanguage\":\"en-GB\"}]}<\/script>\n<!-- \/ Yoast SEO plugin. -->","yoast_head_json":{"title":"Websites para Vacation Rentals - Crocodile Message","description":"Crocodile Message, Lda is a company specialising in the development of digital solutions for the local accommodation and holiday sector. We develop property management software (PMS), with Channel Manager integration, website design for Vacation Rentals, and tourism-orientated digital marketing strategies.","robots":{"index":"index","follow":"follow","max-snippet":"max-snippet:-1","max-image-preview":"max-image-preview:large","max-video-preview":"max-video-preview:-1"},"canonical":"https:\/\/crocodilemessage.com\/en\/websites-para-vacation-rentals\/","og_locale":"en_GB","og_type":"article","og_title":"Websites para Vacation Rentals - Crocodile Message","og_description":"A Crocodile Message, Lda \u00e9 uma empresa especializada no desenvolvimento de solu\u00e7\u00f5es digitais para o setor de alojamento local e f\u00e9rias. Desenvolvemos software de gest\u00e3o de propriedades (PMS), com integra\u00e7\u00e3o de Channel Manager, design de websites para Vacation Rentals, e estrat\u00e9gias de marketing digital orientadas ao turismo.","og_url":"https:\/\/crocodilemessage.com\/en\/websites-para-vacation-rentals\/","og_site_name":"Crocodile Message","article_modified_time":"2025-07-29T15:52:19+00:00","twitter_card":"summary_large_image","twitter_misc":{"Estimated reading time":"1 minute"},"schema":{"@context":"https:\/\/schema.org","@graph":[{"@type":"WebPage","@id":"https:\/\/crocodilemessage.com\/websites-para-vacation-rentals\/","url":"https:\/\/crocodilemessage.com\/websites-para-vacation-rentals\/","name":"Websites para Vacation Rentals - Crocodile Message","isPartOf":{"@id":"https:\/\/crocodilemessage.com\/#website"},"datePublished":"2025-07-29T10:26:19+00:00","dateModified":"2025-07-29T15:52:19+00:00","description":"Crocodile Message, Lda is a company specialising in the development of digital solutions for the local accommodation and holiday sector. We develop property management software (PMS), with Channel Manager integration, website design for Vacation Rentals, and tourism-orientated digital marketing strategies.","breadcrumb":{"@id":"https:\/\/crocodilemessage.com\/websites-para-vacation-rentals\/#breadcrumb"},"inLanguage":"en-GB","potentialAction":[{"@type":"ReadAction","target":["https:\/\/crocodilemessage.com\/websites-para-vacation-rentals\/"]}]},{"@type":"BreadcrumbList","@id":"https:\/\/crocodilemessage.com\/websites-para-vacation-rentals\/#breadcrumb","itemListElement":[{"@type":"ListItem","position":1,"name":"Home","item":"https:\/\/crocodilemessage.com\/"},{"@type":"ListItem","position":2,"name":"Websites para Vacation Rentals"}]},{"@type":"WebSite","@id":"https:\/\/crocodilemessage.com\/#website","url":"https:\/\/crocodilemessage.com\/","name":"Crocodile Message","description":"","potentialAction":[{"@type":"SearchAction","target":{"@type":"EntryPoint","urlTemplate":"https:\/\/crocodilemessage.com\/?s={search_term_string}"},"query-input":{"@type":"PropertyValueSpecification","valueRequired":true,"valueName":"search_term_string"}}],"inLanguage":"en-GB"}]}},"_links":{"self":[{"href":"https:\/\/crocodilemessage.com\/en\/wp-json\/wp\/v2\/pages\/1597","targetHints":{"allow":["GET"]}}],"collection":[{"href":"https:\/\/crocodilemessage.com\/en\/wp-json\/wp\/v2\/pages"}],"about":[{"href":"https:\/\/crocodilemessage.com\/en\/wp-json\/wp\/v2\/types\/page"}],"author":[{"embeddable":true,"href":"https:\/\/crocodilemessage.com\/en\/wp-json\/wp\/v2\/users\/1"}],"replies":[{"embeddable":true,"href":"https:\/\/crocodilemessage.com\/en\/wp-json\/wp\/v2\/comments?post=1597"}],"version-history":[{"count":5,"href":"https:\/\/crocodilemessage.com\/en\/wp-json\/wp\/v2\/pages\/1597\/revisions"}],"predecessor-version":[{"id":1631,"href":"https:\/\/crocodilemessage.com\/en\/wp-json\/wp\/v2\/pages\/1597\/revisions\/1631"}],"wp:attachment":[{"href":"https:\/\/crocodilemessage.com\/en\/wp-json\/wp\/v2\/media?parent=1597"}],"curies":[{"name":"wp","href":"https:\/\/api.w.org\/{rel}","templated":true}]}}