{"id":1602,"date":"2025-07-29T10:55:55","date_gmt":"2025-07-29T10:55:55","guid":{"rendered":"https:\/\/crocodilemessage.com\/?page_id=1602"},"modified":"2025-07-29T15:53:09","modified_gmt":"2025-07-29T15:53:09","slug":"marketing-digital-para-turismo","status":"publish","type":"page","link":"https:\/\/crocodilemessage.com\/en\/marketing-digital-para-turismo\/","title":{"rendered":"Digital Marketing for Tourism"},"content":{"rendered":"<div class=\"wpb-content-wrapper\"><!-- CWS Row --><div class=\"cws-content\" style=\"background-repeat:repeat;background-size:initial;background-attachment:scroll;background-position:0% 0%;\"><div class=\"cws_extra_wrapper\"><div class=\"vc_row wpb_row vc_row-fluid\"><div class=\"wpb_column vc_column_container vc_col-sm-12 cws-column\"><div class=\"cws_vc_column-inner\"><div class=\"wpb_column vc_column_container vc_col-sm-12\"><div class=\"vc_column-inner\"><div class=\"wpb_wrapper\"><div class='cws_textmodule cws_vc_shortcode_module' id='cws_textmodule_69e1277d44963'><div class='cws_textmodule_wrapper'><div class='cws_textmodule_text text_align_center'><div class='cws_textmodule_titles'><div class='cws_textmodule_subtitle_wrapper with_decor'><span class='subtitile_left_decor'><\/span><h4 class='cws_textmodule_subtitle'>SERVICES<\/h4><span class='subtitile_right_decor'><\/span><\/div><h3 class='cws_textmodule_title small'>Digital Marketing for Tourism<\/h3><\/div><div class='cws_textmodule_content'><div class='text_content_wrapper'><p data-start=\"244\" data-end=\"405\">In <strong data-start=\"247\" data-end=\"273\">Crocodile Message, Lda<\/strong>, we offer <strong data-start=\"286\" data-end=\"332\">complete digital marketing strategies<\/strong> specially designed for the <strong data-start=\"374\" data-end=\"404\">tourism and local accommodation<\/strong>.<\/p>\n<p data-start=\"407\" data-end=\"594\">We help <strong data-start=\"418\" data-end=\"496\">attract more guests, build customer loyalty and maximise online visibility<\/strong> your brand through personalised actions designed to generate real, measurable results.<\/p>\n<\/div><\/div><\/div><\/div><\/div><\/div><\/div><\/div><!-- CWS Column --> <\/div><\/div><\/div><\/div><\/div><!-- CWS Row --><div class=\"cws-content\" style=\"background-repeat:repeat;background-size:initial;background-attachment:scroll;background-position:0% 0%;\"><div class=\"cws_extra_wrapper\"><div class=\"vc_row wpb_row vc_row-fluid\"><div class=\"wpb_column vc_column_container vc_col-sm-12 cws-column\"><div class=\"cws_vc_column-inner\"><div class=\"wpb_column vc_column_container vc_col-sm-12\"><div class=\"vc_column-inner\"><div class=\"wpb_wrapper\">\n\t<div  class=\"wpb_single_image wpb_content_element vc_align_center wpb_content_element vc_custom_1753800225124\">\n\t\t\n\t\t<figure class=\"wpb_wrapper vc_figure\">\n\t\t\t<div class=\"vc_single_image-wrapper   vc_box_border_grey\"><img decoding=\"async\" class=\"vc_single_image-img\" src=\"https:\/\/crocodilemessage.com\/wp-content\/uploads\/2025\/07\/servico_4_-marketing-500x500.jpg\" width=\"500\" height=\"500\" alt=\"servico_4_ marketing\" title=\"service_4_marketing\" loading=\"lazy\" \/><\/div>\n\t\t<\/figure>\n\t<\/div>\n<\/div><\/div><\/div><!-- CWS Column --> <\/div><\/div><\/div><\/div><\/div><!-- CWS Row --><div class=\"cws-content\" style=\"background-repeat:repeat;background-size:initial;background-attachment:scroll;background-position:0% 0%;\"><div class=\"cws_extra_wrapper\"><div class=\"vc_row wpb_row vc_row-fluid\"><div class=\"wpb_column vc_column_container vc_col-sm-12 cws-column\"><div class=\"cws_vc_column-inner\"><div class=\"wpb_column vc_column_container vc_col-sm-12\"><div class=\"vc_column-inner\"><div class=\"wpb_wrapper\"><div class='cws_textmodule cws_vc_shortcode_module  vc_custom_1753786967661' id='cws_textmodule_69e1277d4570e'><div class='cws_textmodule_wrapper'><div class='cws_textmodule_text text_align_center'><div class='cws_textmodule_titles'><\/div><div class='cws_textmodule_content'><div class='text_content_wrapper'><p data-start=\"596\" data-end=\"623\">Our services include:<\/p>\n<p data-start=\"626\" data-end=\"711\"><strong data-start=\"626\" data-end=\"653\">Google Ads campaigns<\/strong> to attract qualified traffic with booking intentions;<\/p>\n<p data-start=\"714\" data-end=\"803\"><strong data-start=\"714\" data-end=\"741\">Social media management<\/strong>with relevant content and targeted sponsored campaigns;<\/p>\n<p data-start=\"806\" data-end=\"895\"><strong data-start=\"806\" data-end=\"848\">SEO (search engine optimisation)<\/strong> to increase your site's organic presence;<\/p>\n<p data-start=\"898\" data-end=\"1015\"><strong data-start=\"898\" data-end=\"930\">Strategic email marketing<\/strong>This is ideal for maintaining relationships with former guests and encouraging new bookings.<\/p>\n<p data-start=\"1017\" data-end=\"1298\">All strategies are <strong data-start=\"1042\" data-end=\"1128\">guided by real data, consumer behaviour and your business objectives<\/strong>. We analyse your target audience, positioning and competition to build personalised campaigns that bring visibility, authority and return on investment.<\/p>\n<p data-start=\"1300\" data-end=\"1417\">Do you want to stand out in a competitive market?<br data-start=\"1341\" data-end=\"1344\" \/>We help your brand <strong data-start=\"1371\" data-end=\"1417\">grow online with impact and consistency.<\/strong><\/p>\n<\/div><\/div><\/div><\/div><\/div><\/div><\/div><\/div><!-- CWS Column --> <\/div><\/div><\/div><\/div><\/div><!-- CWS Row --><div class=\"cws-content\" style=\"background-repeat:repeat;background-size:initial;background-attachment:scroll;background-position:0% 0%;\"><div class=\"cws_extra_wrapper\"><div class=\"vc_row wpb_row vc_row-fluid vc_custom_1753786990899 vc_row-has-fill\"><div class=\"wpb_column vc_column_container vc_col-sm-12 vc_col-has-fill vc_col-has-border vc_col-has-padding vc_col-has-margin cws-column\"><div class=\"cws_vc_column-inner vc_custom_1753786982998\"><div class=\"wpb_column vc_column_container vc_col-sm-12 vc_col-has-fill\"><div class=\"vc_column-inner vc_custom_1753786982998\"><div class=\"wpb_wrapper\"><div id='banner_id_69e1277d45a98' class='vintwood_banner advanced  with_button'><div class='banner_wrapper align_left flexed'><div class='banner_table'><div class='banner_cell'><h3 class='banner_title'>SHALL WE WORK TOGETHER?<\/h3><span class='banner_offer'>CONTACT US!<\/span><\/div><\/div><div class='banner_button'><div class='sc_button_wrapper  align-left mobile-align-center'><a href='\/en\/contactos\/' class='cws_custom_button regular advanced' id='cws_vc_shortcode_button_69e1277d45b08'>CONTACT US<\/a><\/div><\/div><\/div><\/div><\/div><\/div><\/div><!-- CWS Column --> <\/div><\/div><\/div><\/div><\/div>\n<\/div>","protected":false},"excerpt":{"rendered":"SERVI\u00c7OSMarketing Digital para TurismoNa Crocodile Message, Lda, oferecemos estrat\u00e9gias completas de marketing digital especialmente desenhadas para o setor do turismo e alojamento local. Ajudamos a atrair mais h\u00f3spedes, fidelizar clientes e maximizar a visibilidade online da sua marca atrav\u00e9s de a\u00e7\u00f5es personalizadas, pensadas para gerar resultados reais e mensur\u00e1veis. Os nossos servi\u00e7os incluem: Campanhas de Google Ads para captar tr\u00e1fego qualificado com inten\u00e7\u00f5es de reserva; Gest\u00e3o de redes sociais, com conte\u00fado relevante e campanhas patrocinadas segmentadas; SEO (otimiza\u00e7\u00e3o para motores de busca) para aumentar a presen\u00e7a org\u00e2nica do seu site; E-mail marketing estrat\u00e9gico, ideal para manter o relacionamento com antigos h\u00f3spedes e estimular novas reservas. Todas as estrat\u00e9gias s\u00e3o orientadas por dados reais, comportamento do consumidor e objetivos do seu neg\u00f3cio. Analisamos o seu p\u00fablico-alvo, posicionamento e concorr\u00eancia para construir campanhas personalizadas que tragam visibilidade, autoridade e retorno sobre o investimento. Quer destacar-se num mercado competitivo?N\u00f3s ajudamos a sua marca a crescer online com impacto e consist\u00eancia. VAMOS TRABALHAR JUNTOS?FALE CONNOSCO!CONTACTOS","protected":false},"author":1,"featured_media":0,"parent":0,"menu_order":0,"comment_status":"closed","ping_status":"closed","template":"","meta":{"_themeisle_gutenberg_block_has_review":false,"footnotes":""},"class_list":["post-1602","page","type-page","status-publish","hentry"],"yoast_head":"<!-- This site is optimized with the Yoast SEO plugin v27.4 - https:\/\/yoast.com\/product\/yoast-seo-wordpress\/ -->\n<title>Marketing Digital para Turismo - Crocodile Message<\/title>\n<meta name=\"description\" content=\"A Crocodile Message, Lda \u00e9 uma empresa especializada no desenvolvimento de solu\u00e7\u00f5es digitais para o setor de alojamento local e f\u00e9rias. Desenvolvemos software de gest\u00e3o de propriedades (PMS), com integra\u00e7\u00e3o de Channel Manager, design de websites para Vacation Rentals, e estrat\u00e9gias de marketing digital orientadas ao turismo.\" \/>\n<meta name=\"robots\" content=\"index, follow, max-snippet:-1, max-image-preview:large, max-video-preview:-1\" \/>\n<link rel=\"canonical\" href=\"https:\/\/crocodilemessage.com\/en\/marketing-digital-para-turismo\/\" \/>\n<meta property=\"og:locale\" content=\"en_GB\" \/>\n<meta property=\"og:type\" content=\"article\" \/>\n<meta property=\"og:title\" content=\"Marketing Digital para Turismo - Crocodile Message\" \/>\n<meta property=\"og:description\" content=\"A Crocodile Message, Lda \u00e9 uma empresa especializada no desenvolvimento de solu\u00e7\u00f5es digitais para o setor de alojamento local e f\u00e9rias. Desenvolvemos software de gest\u00e3o de propriedades (PMS), com integra\u00e7\u00e3o de Channel Manager, design de websites para Vacation Rentals, e estrat\u00e9gias de marketing digital orientadas ao turismo.\" \/>\n<meta property=\"og:url\" content=\"https:\/\/crocodilemessage.com\/en\/marketing-digital-para-turismo\/\" \/>\n<meta property=\"og:site_name\" content=\"Crocodile Message\" \/>\n<meta property=\"article:modified_time\" content=\"2025-07-29T15:53:09+00:00\" \/>\n<meta name=\"twitter:card\" content=\"summary_large_image\" \/>\n<meta name=\"twitter:label1\" content=\"Estimated reading time\" \/>\n\t<meta name=\"twitter:data1\" content=\"1 minute\" \/>\n<script type=\"application\/ld+json\" class=\"yoast-schema-graph\">{\"@context\":\"https:\\\/\\\/schema.org\",\"@graph\":[{\"@type\":\"WebPage\",\"@id\":\"https:\\\/\\\/crocodilemessage.com\\\/marketing-digital-para-turismo\\\/\",\"url\":\"https:\\\/\\\/crocodilemessage.com\\\/marketing-digital-para-turismo\\\/\",\"name\":\"Marketing Digital para Turismo - Crocodile Message\",\"isPartOf\":{\"@id\":\"https:\\\/\\\/crocodilemessage.com\\\/#website\"},\"datePublished\":\"2025-07-29T10:55:55+00:00\",\"dateModified\":\"2025-07-29T15:53:09+00:00\",\"description\":\"A Crocodile Message, Lda \u00e9 uma empresa especializada no desenvolvimento de solu\u00e7\u00f5es digitais para o setor de alojamento local e f\u00e9rias. Desenvolvemos software de gest\u00e3o de propriedades (PMS), com integra\u00e7\u00e3o de Channel Manager, design de websites para Vacation Rentals, e estrat\u00e9gias de marketing digital orientadas ao turismo.\",\"breadcrumb\":{\"@id\":\"https:\\\/\\\/crocodilemessage.com\\\/marketing-digital-para-turismo\\\/#breadcrumb\"},\"inLanguage\":\"en-GB\",\"potentialAction\":[{\"@type\":\"ReadAction\",\"target\":[\"https:\\\/\\\/crocodilemessage.com\\\/marketing-digital-para-turismo\\\/\"]}]},{\"@type\":\"BreadcrumbList\",\"@id\":\"https:\\\/\\\/crocodilemessage.com\\\/marketing-digital-para-turismo\\\/#breadcrumb\",\"itemListElement\":[{\"@type\":\"ListItem\",\"position\":1,\"name\":\"Home\",\"item\":\"https:\\\/\\\/crocodilemessage.com\\\/\"},{\"@type\":\"ListItem\",\"position\":2,\"name\":\"Marketing Digital para Turismo\"}]},{\"@type\":\"WebSite\",\"@id\":\"https:\\\/\\\/crocodilemessage.com\\\/#website\",\"url\":\"https:\\\/\\\/crocodilemessage.com\\\/\",\"name\":\"Crocodile Message\",\"description\":\"\",\"potentialAction\":[{\"@type\":\"SearchAction\",\"target\":{\"@type\":\"EntryPoint\",\"urlTemplate\":\"https:\\\/\\\/crocodilemessage.com\\\/?s={search_term_string}\"},\"query-input\":{\"@type\":\"PropertyValueSpecification\",\"valueRequired\":true,\"valueName\":\"search_term_string\"}}],\"inLanguage\":\"en-GB\"}]}<\/script>\n<!-- \/ Yoast SEO plugin. -->","yoast_head_json":{"title":"Marketing Digital para Turismo - Crocodile Message","description":"Crocodile Message, Lda is a company specialising in the development of digital solutions for the local accommodation and holiday sector. We develop property management software (PMS), with Channel Manager integration, website design for Vacation Rentals, and tourism-orientated digital marketing strategies.","robots":{"index":"index","follow":"follow","max-snippet":"max-snippet:-1","max-image-preview":"max-image-preview:large","max-video-preview":"max-video-preview:-1"},"canonical":"https:\/\/crocodilemessage.com\/en\/marketing-digital-para-turismo\/","og_locale":"en_GB","og_type":"article","og_title":"Marketing Digital para Turismo - Crocodile Message","og_description":"A Crocodile Message, Lda \u00e9 uma empresa especializada no desenvolvimento de solu\u00e7\u00f5es digitais para o setor de alojamento local e f\u00e9rias. Desenvolvemos software de gest\u00e3o de propriedades (PMS), com integra\u00e7\u00e3o de Channel Manager, design de websites para Vacation Rentals, e estrat\u00e9gias de marketing digital orientadas ao turismo.","og_url":"https:\/\/crocodilemessage.com\/en\/marketing-digital-para-turismo\/","og_site_name":"Crocodile Message","article_modified_time":"2025-07-29T15:53:09+00:00","twitter_card":"summary_large_image","twitter_misc":{"Estimated reading time":"1 minute"},"schema":{"@context":"https:\/\/schema.org","@graph":[{"@type":"WebPage","@id":"https:\/\/crocodilemessage.com\/marketing-digital-para-turismo\/","url":"https:\/\/crocodilemessage.com\/marketing-digital-para-turismo\/","name":"Marketing Digital para Turismo - Crocodile Message","isPartOf":{"@id":"https:\/\/crocodilemessage.com\/#website"},"datePublished":"2025-07-29T10:55:55+00:00","dateModified":"2025-07-29T15:53:09+00:00","description":"Crocodile Message, Lda is a company specialising in the development of digital solutions for the local accommodation and holiday sector. We develop property management software (PMS), with Channel Manager integration, website design for Vacation Rentals, and tourism-orientated digital marketing strategies.","breadcrumb":{"@id":"https:\/\/crocodilemessage.com\/marketing-digital-para-turismo\/#breadcrumb"},"inLanguage":"en-GB","potentialAction":[{"@type":"ReadAction","target":["https:\/\/crocodilemessage.com\/marketing-digital-para-turismo\/"]}]},{"@type":"BreadcrumbList","@id":"https:\/\/crocodilemessage.com\/marketing-digital-para-turismo\/#breadcrumb","itemListElement":[{"@type":"ListItem","position":1,"name":"Home","item":"https:\/\/crocodilemessage.com\/"},{"@type":"ListItem","position":2,"name":"Marketing Digital para Turismo"}]},{"@type":"WebSite","@id":"https:\/\/crocodilemessage.com\/#website","url":"https:\/\/crocodilemessage.com\/","name":"Crocodile Message","description":"","potentialAction":[{"@type":"SearchAction","target":{"@type":"EntryPoint","urlTemplate":"https:\/\/crocodilemessage.com\/?s={search_term_string}"},"query-input":{"@type":"PropertyValueSpecification","valueRequired":true,"valueName":"search_term_string"}}],"inLanguage":"en-GB"}]}},"_links":{"self":[{"href":"https:\/\/crocodilemessage.com\/en\/wp-json\/wp\/v2\/pages\/1602","targetHints":{"allow":["GET"]}}],"collection":[{"href":"https:\/\/crocodilemessage.com\/en\/wp-json\/wp\/v2\/pages"}],"about":[{"href":"https:\/\/crocodilemessage.com\/en\/wp-json\/wp\/v2\/types\/page"}],"author":[{"embeddable":true,"href":"https:\/\/crocodilemessage.com\/en\/wp-json\/wp\/v2\/users\/1"}],"replies":[{"embeddable":true,"href":"https:\/\/crocodilemessage.com\/en\/wp-json\/wp\/v2\/comments?post=1602"}],"version-history":[{"count":5,"href":"https:\/\/crocodilemessage.com\/en\/wp-json\/wp\/v2\/pages\/1602\/revisions"}],"predecessor-version":[{"id":1632,"href":"https:\/\/crocodilemessage.com\/en\/wp-json\/wp\/v2\/pages\/1602\/revisions\/1632"}],"wp:attachment":[{"href":"https:\/\/crocodilemessage.com\/en\/wp-json\/wp\/v2\/media?parent=1602"}],"curies":[{"name":"wp","href":"https:\/\/api.w.org\/{rel}","templated":true}]}}