{"id":317,"date":"2018-09-05T12:59:05","date_gmt":"2018-09-05T12:59:05","guid":{"rendered":"https:\/\/crocodilemessage.com\/index.php\/about-us\/"},"modified":"2025-07-29T14:48:07","modified_gmt":"2025-07-29T14:48:07","slug":"sobre","status":"publish","type":"page","link":"https:\/\/crocodilemessage.com\/en\/sobre\/","title":{"rendered":"About us"},"content":{"rendered":"<div class=\"wpb-content-wrapper\"><!-- CWS Row --><div class=\"cws-content\" style=\"background-repeat:repeat;background-size:initial;background-attachment:scroll;background-position:0% 0%;\"><div class=\"cws_extra_wrapper\"><div data-vc-full-width=\"true\" data-vc-full-width-init=\"false\" class=\"vc_row wpb_row vc_row-fluid cws_stretch_row cws-layer\"><div style='background-image:url(&quot;https:\/\/crocodilemessage.com\/wp-content\/uploads\/2018\/09\/15percent.png&quot;);\t\t\t\t\t\tleft:0%;\t\t\t\t\t\t width:100% !important;\t\t\t\t\t\t height:20% !important;\t\t\t\t\t\t\t\t\t\t\t\t background-position:center center;\t\t\t\t\t\t background-repeat:repeat;\t\t\t\t\t\t\t\t\t\t\t'><\/div><div class=\"vc_row-full-width vc_clearfix\" style=\"color: red !important;\"><\/div><\/div><div class='vc_row-full-width vc_clearfix'><\/div><div data-vc-full-width=\"true\" data-vc-full-width-init=\"false\" class=\"vc_row wpb_row vc_row-fluid\"><div class=\"wpb_column vc_column_container vc_col-sm-12 cws-column\"><div class=\"cws_vc_column-inner\"><div class=\"wpb_column vc_column_container vc_col-sm-12\"><div class=\"vc_column-inner\"><div class=\"wpb_wrapper\"><div class=\"cws_spacing cws_spacing_size_sm_desctop-on cws_spacing_tablet-on cws_spacing_mobile-on\"><div class=\"cws_spacing cws_spacing_default\" style=\"height:80px;\"><\/div> <div class=\"cws_spacing cws_spacing_size_sm_desctop\" style=\"height:80px;\"><\/div> <div class=\"cws_spacing cws_spacing_tablet\" style=\"height:50px;\"><\/div> <div class=\"cws_spacing cws_spacing_mobile\" style=\"height:50px;\"><\/div><\/div><div class='cws_textmodule cws_vc_shortcode_module' id='cws_textmodule_69e109df9f3df'><div class='cws_textmodule_wrapper'><div class='cws_textmodule_text text_align_center'><div class='cws_textmodule_titles'><div class='cws_textmodule_subtitle_wrapper with_decor'><span class='subtitile_left_decor'><\/span><h4 class='cws_textmodule_subtitle'>ABOUT US<\/h4><span class='subtitile_right_decor'><\/span><\/div><h3 class='cws_textmodule_title large'>CROCODILE MESSAGE<\/h3><\/div><\/div><\/div><\/div><\/div><\/div><\/div><!-- CWS Column --> <\/div><\/div><\/div><div class=\"vc_row-full-width vc_clearfix\"><\/div><\/div><\/div><!-- CWS Row --><div class=\"cws-content\" style=\"background-repeat:repeat;background-size:initial;background-attachment:scroll;background-position:0% 0%;\"><div class=\"cws_extra_wrapper\"><div class=\"vc_row wpb_row vc_row-fluid vc_custom_1536671186699 vc_row-o-equal-height vc_row-flex\"><div class=\"wpb_column vc_column_container vc_col-sm-5 cws-column\"><div class=\"cws_vc_column-inner\"><div class=\"wpb_column vc_column_container vc_col-sm-5\"><div class=\"vc_column-inner\"><div class=\"wpb_wrapper\"><div class='cws_textmodule cws_vc_shortcode_module btnspace' id='cws_textmodule_69e109df9f981'><div class='cws_textmodule_wrapper'><div class='cws_textmodule_text text_align_left'><div class='cws_textmodule_titles'><h3 class='cws_textmodule_title with_bg small'>DIGITAL SOLUTIONS FOR THE LOCAL ACCOMMODATION AND HOLIDAY SECTOR<\/h3><\/div><div class='cws_textmodule_content'><div class='text_content_wrapper'><p data-start=\"158\" data-end=\"453\">In <strong data-start=\"161\" data-end=\"187\">Crocodile Message, Lda<\/strong>We are passionate about turning ideas into intelligent digital solutions. We specialise in software development for the automotive sector. <strong data-start=\"327\" data-end=\"356\">local accommodation and holidays<\/strong>We create tools that help businesses grow with efficiency, technology and a focus on tourism.<\/p>\n<p data-start=\"455\" data-end=\"658\">We develop <strong data-start=\"469\" data-end=\"514\">property management software (PMS)<\/strong> with integration of <strong data-start=\"533\" data-end=\"552\">Channel Manager<\/strong>, <strong data-start=\"554\" data-end=\"588\">websites for Vacation Rentals<\/strong> e <strong data-start=\"591\" data-end=\"627\">digital marketing strategies<\/strong> orientated towards the tourism sector.<\/p>\n<ul class=\"lightning_style\">\n<li>Web and mobile platforms<\/li>\n<li>System integrations and APIs<\/li>\n<li>Automations and data intelligence<\/li>\n<li>Software architecture consultancy<\/li>\n<\/ul>\n<\/div><\/div><a href=\"\/en\/servicos\/\" class='cws_custom_button advanced'>SERVICES<\/a><\/div><\/div><\/div><div class=\"cws_spacing cws_spacing_size_sm_desctop-on cws_spacing_tablet-on cws_spacing_mobile-on\"><div class=\"cws_spacing cws_spacing_default\" style=\"height:0px;\"><\/div> <div class=\"cws_spacing cws_spacing_size_sm_desctop\" style=\"height:0px;\"><\/div> <div class=\"cws_spacing cws_spacing_tablet\" style=\"height:0px;\"><\/div> <div class=\"cws_spacing cws_spacing_mobile\" style=\"height:20px;\"><\/div><\/div><\/div><\/div><\/div><!-- CWS Column --> <\/div><\/div><div class=\"wpb_column vc_column_container vc_col-sm-7 vc_col-has-fill vc_col_custom_border cws-column\" style='background-repeat:no-repeat;background-size:cover;background-position:50% 50%;'><div class=\"cws_vc_column-inner vc_custom_1746545729173\"><div class=\"wpb_column vc_column_container vc_col-sm-7 vc_col-has-fill\"><div class=\"vc_column-inner vc_custom_1746545729173\"><div class=\"wpb_wrapper\"><\/div><\/div><\/div><!-- CWS Column --> <\/div><\/div><\/div><\/div><\/div><!-- CWS Row --><div class=\"cws-content\" style=\"background-repeat:repeat;background-size:initial;background-attachment:scroll;background-position:0% 0%;\"><div class=\"cws_extra_wrapper\"><div data-vc-full-width=\"true\" data-vc-full-width-init=\"false\" class=\"vc_row wpb_row vc_row-fluid\"><div class='cws-overlay-bg' style='background-color:#da7f58;'><\/div><div class='cws-overlay-bg' style='background-image:url(https:\/\/crocodilemessage.com\/wp-content\/uploads\/2018\/09\/asfalt-dark-1-150x150.png)'><\/div><div class=\"wpb_column vc_column_container vc_col-sm-12 cws-column\"><div class=\"cws_vc_column-inner\"><div class=\"wpb_column vc_column_container vc_col-sm-12\"><div class=\"vc_column-inner\"><div class=\"wpb_wrapper\"><div class=\"cws_spacing cws_spacing_size_sm_desctop-on cws_spacing_tablet-on cws_spacing_mobile-on\"><div class=\"cws_spacing cws_spacing_default\" style=\"height:110px;\"><\/div> <div class=\"cws_spacing cws_spacing_size_sm_desctop\" style=\"height:110px;\"><\/div> <div class=\"cws_spacing cws_spacing_tablet\" style=\"height:50px;\"><\/div> <div class=\"cws_spacing cws_spacing_mobile\" style=\"height:50px;\"><\/div><\/div><div class=\"vc_row wpb_row vc_inner vc_row-fluid\"><div class=\"wpb_column vc_column_container vc_col-sm-12 vc_col-lg-6\"><div class=\"vc_column-inner\"><div class=\"wpb_wrapper\"><div class='cws_textmodule cws_vc_shortcode_module' id='cws_textmodule_69e109dfa03c0'><div class='cws_textmodule_wrapper'><div class='cws_textmodule_text mobile_center text_align_left'><div class='cws_textmodule_titles'><div class='cws_textmodule_subtitle_wrapper with_decor'><span class='subtitile_left_decor'><\/span><h4 class='cws_textmodule_subtitle'>OUR COMMITMENT<\/h4><span class='subtitile_right_decor'><\/span><\/div><h3 class='cws_textmodule_title large'>MISSION<\/h3><\/div><\/div><\/div><\/div><div class='cws_textmodule cws_vc_shortcode_module  vc_custom_1749721380025' id='cws_textmodule_69e109dfa05ff'><div class='cws_textmodule_wrapper'><div class='cws_textmodule_text text_align_left'><div class='cws_textmodule_titles'><\/div><div class='cws_textmodule_content'><div class='text_content_wrapper'><p class=\"\" data-start=\"181\" data-end=\"476\">In <strong data-start=\"184\" data-end=\"205\">Crocodile Message<\/strong>Our commitment goes far beyond technical delivery. We strive to create <strong data-start=\"279\" data-end=\"303\">lasting partnerships<\/strong>based on trust.<\/p>\n<p class=\"\" data-start=\"181\" data-end=\"476\">Our mission is to provide intuitive and effective technological tools adapted to the needs of local accommodation managers, holiday agencies and tour operators.<\/p>\n<p class=\"\" data-start=\"478\" data-end=\"726\">We believe that the success of a project depends as much on technology as it does on collaboration. That's why we work with an agile and transparent approach, keeping our clients close at all stages - from conception to post-launch.<\/p>\n<\/div><\/div><a href=\"\/en\/servicos\/\" class='cws_custom_button advanced'>SERVICES<\/a><\/div><\/div><\/div><\/div><\/div><\/div><div class=\"wpb_column vc_column_container vc_col-sm-6 vc_col-lg-3\"><div class=\"vc_column-inner\"><div class=\"wpb_wrapper\"><div id='cws_vc_shortcode_icon_69e109dfa07a4' class='cws_sc_icon_wrapper align_center style_advanced'><div class='icon_holder'><i class='cws_sc_icon flaticon-idea'><\/i><\/div><\/div><div class='cws_textmodule cws_vc_shortcode_module' id='cws_textmodule_69e109dfa08eb'><div class='cws_textmodule_wrapper'><div class='cws_textmodule_text text_align_center'><div class='cws_textmodule_titles'><h3 class='cws_textmodule_title with_bg small'>INNOVATION<\/h3><\/div><\/div><\/div><\/div><div class=\"cws_spacing cws_spacing_size_sm_desctop-on cws_spacing_tablet-on cws_spacing_mobile-on\"><div class=\"cws_spacing cws_spacing_default\" style=\"height:30px;\"><\/div> <div class=\"cws_spacing cws_spacing_size_sm_desctop\" style=\"height:30px;\"><\/div> <div class=\"cws_spacing cws_spacing_tablet\" style=\"height:20px;\"><\/div> <div class=\"cws_spacing cws_spacing_mobile\" style=\"height:10px;\"><\/div><\/div><div id='cws_vc_shortcode_icon_69e109dfa0993' class='cws_sc_icon_wrapper align_center style_advanced'><div class='icon_holder'><i class='cws_sc_icon flaticon-like'><\/i><\/div><\/div><div class='cws_textmodule cws_vc_shortcode_module' id='cws_textmodule_69e109dfa0abe'><div class='cws_textmodule_wrapper'><div class='cws_textmodule_text text_align_center'><div class='cws_textmodule_titles'><h3 class='cws_textmodule_title with_bg small'>COMMITMENT<\/h3><\/div><\/div><\/div><\/div><\/div><\/div><\/div><div class=\"wpb_column vc_column_container vc_col-sm-6 vc_col-lg-3\"><div class=\"vc_column-inner\"><div class=\"wpb_wrapper\"><div id='cws_vc_shortcode_icon_69e109dfa0c47' class='cws_sc_icon_wrapper align_center style_advanced'><div class='icon_holder'><i class='cws_sc_icon flaticon-focus'><\/i><\/div><\/div><div class='cws_textmodule cws_vc_shortcode_module' id='cws_textmodule_69e109dfa0d64'><div class='cws_textmodule_wrapper'><div class='cws_textmodule_text text_align_center'><div class='cws_textmodule_titles'><h3 class='cws_textmodule_title with_bg small'>TRANSPARENCY<\/h3><\/div><\/div><\/div><\/div><div class=\"cws_spacing cws_spacing_size_sm_desctop-on cws_spacing_tablet-on cws_spacing_mobile-on\"><div class=\"cws_spacing cws_spacing_default\" style=\"height:30px;\"><\/div> <div class=\"cws_spacing cws_spacing_size_sm_desctop\" style=\"height:30px;\"><\/div> <div class=\"cws_spacing cws_spacing_tablet\" style=\"height:20px;\"><\/div> <div class=\"cws_spacing cws_spacing_mobile\" style=\"height:10px;\"><\/div><\/div><div id='cws_vc_shortcode_icon_69e109dfa0e0b' class='cws_sc_icon_wrapper align_center style_advanced'><div class='icon_holder'><i class='cws_sc_icon flaticon-quality'><\/i><\/div><\/div><div class='cws_textmodule cws_vc_shortcode_module' id='cws_textmodule_69e109dfa0f23'><div class='cws_textmodule_wrapper'><div class='cws_textmodule_text text_align_center'><div class='cws_textmodule_titles'><h3 class='cws_textmodule_title with_bg small'>QUALITY<\/h3><\/div><\/div><\/div><\/div><\/div><\/div><\/div><\/div><div class=\"cws_spacing cws_spacing_size_sm_desctop-on cws_spacing_tablet-on cws_spacing_mobile-on\"><div class=\"cws_spacing cws_spacing_default\" style=\"height:110px;\"><\/div> <div class=\"cws_spacing cws_spacing_size_sm_desctop\" style=\"height:110px;\"><\/div> <div class=\"cws_spacing cws_spacing_tablet\" style=\"height:50px;\"><\/div> <div class=\"cws_spacing cws_spacing_mobile\" style=\"height:50px;\"><\/div><\/div><\/div><\/div><\/div><!-- CWS Column --> <\/div><\/div><\/div><div class=\"vc_row-full-width vc_clearfix\"><\/div><\/div><\/div><!-- CWS Row --><div class=\"cws-content\" style=\"background-repeat:repeat;background-size:initial;background-attachment:scroll;background-position:0% 0%;\"><div class=\"cws_extra_wrapper\"><div data-vc-full-width=\"true\" data-vc-full-width-init=\"false\" class=\"vc_row wpb_row vc_row-fluid cws_stretch_row cws-layer\"><div style='background-image:url(&quot;https:\/\/crocodilemessage.com\/wp-content\/uploads\/2018\/09\/15percent.png&quot;);\t\t\t\t\t\tleft:0%;\t\t\t\t\t\t width:100% !important;\t\t\t\t\t\t height:91% !important;\t\t\t\t\t\t\t\t\t\t\t\t background-position:center center;\t\t\t\t\t\t background-repeat:repeat;\t\t\t\t\t\t\t\t\t\t\t'><\/div><div class=\"vc_row-full-width vc_clearfix\" style=\"color: red !important;\"><\/div><\/div><div class='vc_row-full-width vc_clearfix'><\/div><div data-vc-full-width=\"true\" data-vc-full-width-init=\"false\" class=\"vc_row wpb_row vc_row-fluid\"><div class=\"wpb_column vc_column_container vc_col-sm-12 cws-column\"><div class=\"cws_vc_column-inner\"><div class=\"wpb_column vc_column_container vc_col-sm-12\"><div class=\"vc_column-inner\"><div class=\"wpb_wrapper\"><div class=\"cws_spacing cws_spacing_size_sm_desctop-on cws_spacing_tablet-on cws_spacing_mobile-on\"><div class=\"cws_spacing cws_spacing_default\" style=\"height:80px;\"><\/div> <div class=\"cws_spacing cws_spacing_size_sm_desctop\" style=\"height:80px;\"><\/div> <div class=\"cws_spacing cws_spacing_tablet\" style=\"height:50px;\"><\/div> <div class=\"cws_spacing cws_spacing_mobile\" style=\"height:50px;\"><\/div><\/div><\/div><\/div><\/div><!-- CWS Column --> <\/div><\/div><\/div><div class=\"vc_row-full-width vc_clearfix\"><\/div><\/div><\/div><!-- CWS Row --><div class=\"cws-content\" style=\"background-repeat:repeat;background-size:initial;background-attachment:scroll;background-position:0% 0%;\"><div class=\"cws_extra_wrapper\"><div class=\"vc_row wpb_row vc_row-fluid\"><div class=\"wpb_column vc_column_container vc_col-sm-12 cws-column\"><div class=\"cws_vc_column-inner\"><div class=\"wpb_column vc_column_container vc_col-sm-12\"><div class=\"vc_column-inner\"><div class=\"wpb_wrapper\"><div class=\"vc_row wpb_row vc_inner vc_row-fluid vc_custom_1746546909278\"><\/div><div id='banner_id_69e109dfa175c' class='vintwood_banner advanced  with_button'><div class='banner_wrapper align_left flexed'><div class='banner_table'><div class='banner_cell'><h3 class='banner_title'>SHALL WE WORK TOGETHER?<\/h3><span class='banner_offer'>CONTACT US!<\/span><\/div><\/div><div class='banner_button'><div class='sc_button_wrapper  align-left mobile-align-center'><a href='\/en\/contactos\/' class='cws_custom_button regular advanced' id='cws_vc_shortcode_button_69e109dfa17c8'>CONTACT US<\/a><\/div><\/div><\/div><\/div><\/div><\/div><\/div><!-- CWS Column --> <\/div><\/div><\/div><\/div><\/div>\n<\/div>","protected":false},"excerpt":{"rendered":"SOBRE N\u00d3SCROCODILE MESSAGE SOLU\u00c7\u00d5ES DIGITAIS PARA O SETOR DE ALOJAMENTO LOCAL E F\u00c9RIASNa Crocodile Message, Lda, somos apaixonados por transformar ideias em solu\u00e7\u00f5es digitais inteligentes. Especializados no desenvolvimento de software para o setor de alojamento local e f\u00e9rias, criamos ferramentas que ajudam neg\u00f3cios a crescer com efici\u00eancia, tecnologia e foco no turismo. Desenvolvemos softwares de gest\u00e3o de propriedades (PMS) com integra\u00e7\u00e3o de Channel Manager, websites para Vacation Rentals e estrat\u00e9gias de marketing digital orientadas ao setor tur\u00edstico. Plataformas web e mobile Integra\u00e7\u00f5es de sistemas e APIs Automatiza\u00e7\u00f5es e intelig\u00eancia de dados Consultoria em arquitetura de software SERVI\u00c7OS O NOSSO COMPROMISSOMISS\u00c3ONa Crocodile Message, o nosso compromisso vai muito al\u00e9m da entrega t\u00e9cnica. Procuramos criar parcerias duradouras, baseadas na confian\u00e7a. A nossa miss\u00e3o \u00e9 fornecer ferramentas tecnol\u00f3gicas intuitivas e eficazes, adaptadas \u00e0s necessidades dos gestores de alojamento local, ag\u00eancias de f\u00e9rias e operadores tur\u00edsticos. Acreditamos que o sucesso de um projecto depende tanto da tecnologia como da colabora\u00e7\u00e3o. Por isso, trabalhamos com uma abordagem \u00e1gil e transparente, mantendo os nossos clientes pr\u00f3ximos em todas as fases \u2014 desde a concep\u00e7\u00e3o at\u00e9 ao p\u00f3s-lan\u00e7amento. SERVI\u00c7OSINOVA\u00c7\u00c3O COMPROMISSOTRANSPAR\u00caNCIA QUALIDADE VAMOS TRABALHAR JUNTOS?FALE CONNOSCO!CONTACTOS","protected":false},"author":1,"featured_media":0,"parent":0,"menu_order":0,"comment_status":"closed","ping_status":"closed","template":"","meta":{"_themeisle_gutenberg_block_has_review":false,"footnotes":""},"class_list":["post-317","page","type-page","status-publish","hentry"],"yoast_head":"<!-- This site is optimized with the Yoast SEO plugin v27.4 - https:\/\/yoast.com\/product\/yoast-seo-wordpress\/ -->\n<title>Sobre n\u00f3s - Crocodile Message<\/title>\n<meta name=\"description\" content=\"A Crocodile Message, Lda \u00e9 uma empresa especializada no desenvolvimento de solu\u00e7\u00f5es digitais para o setor de alojamento local e f\u00e9rias. Desenvolvemos software de gest\u00e3o de propriedades (PMS), com integra\u00e7\u00e3o de Channel Manager, design de websites para Vacation Rentals, e estrat\u00e9gias de marketing digital orientadas ao turismo.\" \/>\n<meta name=\"robots\" content=\"index, follow, max-snippet:-1, max-image-preview:large, max-video-preview:-1\" \/>\n<link rel=\"canonical\" href=\"https:\/\/crocodilemessage.com\/en\/sobre\/\" \/>\n<meta property=\"og:locale\" content=\"en_GB\" \/>\n<meta property=\"og:type\" content=\"article\" \/>\n<meta property=\"og:title\" content=\"Sobre n\u00f3s - Crocodile Message\" \/>\n<meta property=\"og:description\" content=\"A Crocodile Message, Lda \u00e9 uma empresa especializada no desenvolvimento de solu\u00e7\u00f5es digitais para o setor de alojamento local e f\u00e9rias. Desenvolvemos software de gest\u00e3o de propriedades (PMS), com integra\u00e7\u00e3o de Channel Manager, design de websites para Vacation Rentals, e estrat\u00e9gias de marketing digital orientadas ao turismo.\" \/>\n<meta property=\"og:url\" content=\"https:\/\/crocodilemessage.com\/en\/sobre\/\" \/>\n<meta property=\"og:site_name\" content=\"Crocodile Message\" \/>\n<meta property=\"article:modified_time\" content=\"2025-07-29T14:48:07+00:00\" \/>\n<meta name=\"twitter:card\" content=\"summary_large_image\" \/>\n<meta name=\"twitter:label1\" content=\"Estimated reading time\" \/>\n\t<meta name=\"twitter:data1\" content=\"2 minutes\" \/>\n<script type=\"application\/ld+json\" class=\"yoast-schema-graph\">{\"@context\":\"https:\\\/\\\/schema.org\",\"@graph\":[{\"@type\":\"WebPage\",\"@id\":\"https:\\\/\\\/crocodilemessage.com\\\/sobre\\\/\",\"url\":\"https:\\\/\\\/crocodilemessage.com\\\/sobre\\\/\",\"name\":\"Sobre n\u00f3s - Crocodile Message\",\"isPartOf\":{\"@id\":\"https:\\\/\\\/crocodilemessage.com\\\/#website\"},\"datePublished\":\"2018-09-05T12:59:05+00:00\",\"dateModified\":\"2025-07-29T14:48:07+00:00\",\"description\":\"A Crocodile Message, Lda \u00e9 uma empresa especializada no desenvolvimento de solu\u00e7\u00f5es digitais para o setor de alojamento local e f\u00e9rias. Desenvolvemos software de gest\u00e3o de propriedades (PMS), com integra\u00e7\u00e3o de Channel Manager, design de websites para Vacation Rentals, e estrat\u00e9gias de marketing digital orientadas ao turismo.\",\"breadcrumb\":{\"@id\":\"https:\\\/\\\/crocodilemessage.com\\\/sobre\\\/#breadcrumb\"},\"inLanguage\":\"en-GB\",\"potentialAction\":[{\"@type\":\"ReadAction\",\"target\":[\"https:\\\/\\\/crocodilemessage.com\\\/sobre\\\/\"]}]},{\"@type\":\"BreadcrumbList\",\"@id\":\"https:\\\/\\\/crocodilemessage.com\\\/sobre\\\/#breadcrumb\",\"itemListElement\":[{\"@type\":\"ListItem\",\"position\":1,\"name\":\"Home\",\"item\":\"https:\\\/\\\/crocodilemessage.com\\\/\"},{\"@type\":\"ListItem\",\"position\":2,\"name\":\"Sobre n\u00f3s\"}]},{\"@type\":\"WebSite\",\"@id\":\"https:\\\/\\\/crocodilemessage.com\\\/#website\",\"url\":\"https:\\\/\\\/crocodilemessage.com\\\/\",\"name\":\"Crocodile Message\",\"description\":\"\",\"potentialAction\":[{\"@type\":\"SearchAction\",\"target\":{\"@type\":\"EntryPoint\",\"urlTemplate\":\"https:\\\/\\\/crocodilemessage.com\\\/?s={search_term_string}\"},\"query-input\":{\"@type\":\"PropertyValueSpecification\",\"valueRequired\":true,\"valueName\":\"search_term_string\"}}],\"inLanguage\":\"en-GB\"}]}<\/script>\n<!-- \/ Yoast SEO plugin. -->","yoast_head_json":{"title":"Sobre n\u00f3s - Crocodile Message","description":"Crocodile Message, Lda is a company specialising in the development of digital solutions for the local accommodation and holiday sector. We develop property management software (PMS), with Channel Manager integration, website design for Vacation Rentals, and tourism-orientated digital marketing strategies.","robots":{"index":"index","follow":"follow","max-snippet":"max-snippet:-1","max-image-preview":"max-image-preview:large","max-video-preview":"max-video-preview:-1"},"canonical":"https:\/\/crocodilemessage.com\/en\/sobre\/","og_locale":"en_GB","og_type":"article","og_title":"Sobre n\u00f3s - Crocodile Message","og_description":"A Crocodile Message, Lda \u00e9 uma empresa especializada no desenvolvimento de solu\u00e7\u00f5es digitais para o setor de alojamento local e f\u00e9rias. Desenvolvemos software de gest\u00e3o de propriedades (PMS), com integra\u00e7\u00e3o de Channel Manager, design de websites para Vacation Rentals, e estrat\u00e9gias de marketing digital orientadas ao turismo.","og_url":"https:\/\/crocodilemessage.com\/en\/sobre\/","og_site_name":"Crocodile Message","article_modified_time":"2025-07-29T14:48:07+00:00","twitter_card":"summary_large_image","twitter_misc":{"Estimated reading time":"2 minutes"},"schema":{"@context":"https:\/\/schema.org","@graph":[{"@type":"WebPage","@id":"https:\/\/crocodilemessage.com\/sobre\/","url":"https:\/\/crocodilemessage.com\/sobre\/","name":"Sobre n\u00f3s - Crocodile Message","isPartOf":{"@id":"https:\/\/crocodilemessage.com\/#website"},"datePublished":"2018-09-05T12:59:05+00:00","dateModified":"2025-07-29T14:48:07+00:00","description":"Crocodile Message, Lda is a company specialising in the development of digital solutions for the local accommodation and holiday sector. We develop property management software (PMS), with Channel Manager integration, website design for Vacation Rentals, and tourism-orientated digital marketing strategies.","breadcrumb":{"@id":"https:\/\/crocodilemessage.com\/sobre\/#breadcrumb"},"inLanguage":"en-GB","potentialAction":[{"@type":"ReadAction","target":["https:\/\/crocodilemessage.com\/sobre\/"]}]},{"@type":"BreadcrumbList","@id":"https:\/\/crocodilemessage.com\/sobre\/#breadcrumb","itemListElement":[{"@type":"ListItem","position":1,"name":"Home","item":"https:\/\/crocodilemessage.com\/"},{"@type":"ListItem","position":2,"name":"Sobre n\u00f3s"}]},{"@type":"WebSite","@id":"https:\/\/crocodilemessage.com\/#website","url":"https:\/\/crocodilemessage.com\/","name":"Crocodile Message","description":"","potentialAction":[{"@type":"SearchAction","target":{"@type":"EntryPoint","urlTemplate":"https:\/\/crocodilemessage.com\/?s={search_term_string}"},"query-input":{"@type":"PropertyValueSpecification","valueRequired":true,"valueName":"search_term_string"}}],"inLanguage":"en-GB"}]}},"_links":{"self":[{"href":"https:\/\/crocodilemessage.com\/en\/wp-json\/wp\/v2\/pages\/317","targetHints":{"allow":["GET"]}}],"collection":[{"href":"https:\/\/crocodilemessage.com\/en\/wp-json\/wp\/v2\/pages"}],"about":[{"href":"https:\/\/crocodilemessage.com\/en\/wp-json\/wp\/v2\/types\/page"}],"author":[{"embeddable":true,"href":"https:\/\/crocodilemessage.com\/en\/wp-json\/wp\/v2\/users\/1"}],"replies":[{"embeddable":true,"href":"https:\/\/crocodilemessage.com\/en\/wp-json\/wp\/v2\/comments?post=317"}],"version-history":[{"count":13,"href":"https:\/\/crocodilemessage.com\/en\/wp-json\/wp\/v2\/pages\/317\/revisions"}],"predecessor-version":[{"id":1628,"href":"https:\/\/crocodilemessage.com\/en\/wp-json\/wp\/v2\/pages\/317\/revisions\/1628"}],"wp:attachment":[{"href":"https:\/\/crocodilemessage.com\/en\/wp-json\/wp\/v2\/media?parent=317"}],"curies":[{"name":"wp","href":"https:\/\/api.w.org\/{rel}","templated":true}]}}