{"id":424,"date":"2018-09-06T06:04:36","date_gmt":"2018-09-06T06:04:36","guid":{"rendered":"https:\/\/crocodilemessage.com\/index.php\/our-services\/"},"modified":"2025-08-04T14:58:13","modified_gmt":"2025-08-04T14:58:13","slug":"servicos","status":"publish","type":"page","link":"https:\/\/crocodilemessage.com\/en\/servicos\/","title":{"rendered":"Services"},"content":{"rendered":"<div class=\"wpb-content-wrapper\"><!-- CWS Row --><div class=\"cws-content\" style=\"background-repeat:repeat;background-size:initial;background-attachment:scroll;background-position:0% 0%;\"><div class=\"cws_extra_wrapper\"><div data-vc-full-width=\"true\" data-vc-full-width-init=\"false\" class=\"vc_row wpb_row vc_row-fluid cws_stretch_row cws-layer\"><div style='background-image:url(&quot;https:\/\/crocodilemessage.com\/wp-content\/uploads\/2018\/09\/15percent.png&quot;);\t\t\t\t\t\tleft:0%;\t\t\t\t\t\t width:100% !important;\t\t\t\t\t\t height:4% !important;\t\t\t\t\t\t\t\t\t\t\t\t background-position:center center;\t\t\t\t\t\t background-repeat:repeat;\t\t\t\t\t\t\t\t\t\t\t'><\/div><div class=\"vc_row-full-width vc_clearfix\" style=\"color: red !important;\"><\/div><\/div><div class='vc_row-full-width vc_clearfix'><\/div><div data-vc-full-width=\"true\" data-vc-full-width-init=\"false\" class=\"vc_row wpb_row vc_row-fluid\"><div class=\"wpb_column vc_column_container vc_col-sm-12 cws-column\"><div class=\"cws_vc_column-inner\"><div class=\"wpb_column vc_column_container vc_col-sm-12\"><div class=\"vc_column-inner\"><div class=\"wpb_wrapper\"><div class=\"cws_spacing cws_spacing_size_sm_desctop-on cws_spacing_tablet-on cws_spacing_mobile-on\"><div class=\"cws_spacing cws_spacing_default\" style=\"height:90px;\"><\/div> <div class=\"cws_spacing cws_spacing_size_sm_desctop\" style=\"height:90px;\"><\/div> <div class=\"cws_spacing cws_spacing_tablet\" style=\"height:50px;\"><\/div> <div class=\"cws_spacing cws_spacing_mobile\" style=\"height:50px;\"><\/div><\/div><div class='cws_textmodule cws_vc_shortcode_module' id='cws_textmodule_69e10bbe0a7ae'><div class='cws_textmodule_wrapper'><div class='cws_textmodule_text text_align_center'><div class='cws_textmodule_titles'><div class='cws_textmodule_subtitle_wrapper with_decor'><span class='subtitile_left_decor'><\/span><h4 class='cws_textmodule_subtitle'>SERVICES<\/h4><span class='subtitile_right_decor'><\/span><\/div><h3 class='cws_textmodule_title large'>WHAT DO WE DO?<\/h3><\/div><\/div><\/div><\/div><div class=\"vc_row wpb_row vc_inner vc_row-fluid\"><div class=\"wpb_column vc_column_container vc_col-sm-4\" id=\"servico1\"><div class=\"vc_column-inner\"><div class=\"wpb_wrapper\"><div id='cws_testimonail_69e10bbe0aa2e' class='testimonial linkcolor style_2' ><div class='testimonial_item vc_col-md-12'><div class='testimonial_img'><div class='testimonial_img_wrap' style='background-image: url(https:\/\/crocodilemessage.com\/wp-content\/uploads\/2025\/07\/servicos_01_pms.jpg)'><\/div><\/div><div class='content_wrap'><h5 class='testimonial_name'><a href=\"https:\/\/crocodilemessage.com\/en\/sistemas-de-gestao-de-propriedades\/\">Property Management Systems (PMS)<\/a><\/h5><\/div><\/div><\/div><\/div><\/div><\/div><div class=\"wpb_column vc_column_container vc_col-sm-4\" id=\"servico2\"><div class=\"vc_column-inner\"><div class=\"wpb_wrapper\"><div id='cws_testimonail_69e10bbe0acd3' class='testimonial linkcolor style_2' ><div class='testimonial_item vc_col-md-12'><div class='testimonial_img'><div class='testimonial_img_wrap' style='background-image: url(https:\/\/crocodilemessage.com\/wp-content\/uploads\/2025\/07\/servicos_02_channel-manager-int.jpg)'><\/div><\/div><div class='content_wrap'><h5 class='testimonial_name'><a href=\"https:\/\/crocodilemessage.com\/en\/integracao-com-channel-managers\/\">Integration with Channel Managers<\/a><\/h5><\/div><\/div><\/div><\/div><\/div><\/div><div class=\"wpb_column vc_column_container vc_col-sm-4\" id=\"servico3\"><div class=\"vc_column-inner\"><div class=\"wpb_wrapper\"><div id='cws_testimonail_69e10bbe0af2c' class='testimonial linkcolor style_2' ><div class='testimonial_item vc_col-md-12'><div class='testimonial_img'><div class='testimonial_img_wrap' style='background-image: url(https:\/\/crocodilemessage.com\/wp-content\/uploads\/2025\/07\/servicos-3_websites.jpg)'><\/div><\/div><div class='content_wrap'><h5 class='testimonial_name'><a href=\"https:\/\/crocodilemessage.com\/en\/websites-para-vacation-rentals\/\">   Websites for Vacation Rentals <\/a><\/h5><\/div><\/div><\/div><\/div><\/div><\/div><\/div><div class=\"vc_row wpb_row vc_inner vc_row-fluid\"><div class=\"wpb_column vc_column_container vc_col-sm-4\" id=\"servico4\"><div class=\"vc_column-inner\"><div class=\"wpb_wrapper\"><div id='cws_testimonail_69e10bbe0b257' class='testimonial linkcolor style_2' ><div class='testimonial_item vc_col-md-12'><div class='testimonial_img'><div class='testimonial_img_wrap' style='background-image: url(https:\/\/crocodilemessage.com\/wp-content\/uploads\/2025\/07\/servico_4_-marketing.jpg)'><\/div><\/div><div class='content_wrap'><h5 class='testimonial_name'><a href=\"https:\/\/crocodilemessage.com\/en\/marketing-digital-para-turismo\/\">Digital Marketing for Tourism <\/a><\/h5><\/div><\/div><\/div><\/div><\/div><\/div><\/div><\/div><\/div><\/div><!-- CWS Column --> <\/div><\/div><\/div><div class=\"vc_row-full-width vc_clearfix\"><\/div><\/div><\/div><!-- CWS Row --><div class=\"cws-content\" style=\"background-repeat:repeat;background-size:initial;background-attachment:scroll;background-position:0% 0%;\"><div class=\"cws_extra_wrapper\"><div data-vc-full-width=\"true\" data-vc-full-width-init=\"false\" class=\"vc_row wpb_row vc_row-fluid vc_custom_1748941562905\"><div class='cws-overlay-bg' style='background-color:#da7f58;'><\/div><div class='cws-overlay-bg' style='background-image:url(https:\/\/crocodilemessage.com\/wp-content\/uploads\/2018\/09\/asfalt-dark-1-150x150.png)'><\/div><div class=\"wpb_column vc_column_container vc_col-sm-12 cws-column\"><div class=\"cws_vc_column-inner\"><div class=\"wpb_column vc_column_container vc_col-sm-12\"><div class=\"vc_column-inner\"><div class=\"wpb_wrapper\"><div class=\"vc_row wpb_row vc_inner vc_row-fluid\"><div class=\"wpb_column vc_column_container vc_col-sm-12\"><div class=\"vc_column-inner\"><div class=\"wpb_wrapper\"><div class='cws_textmodule cws_vc_shortcode_module  vc_custom_1748960478518' id='cws_textmodule_69e10bbe0bb7a'><div class='cws_textmodule_wrapper'><div class='cws_textmodule_text text_align_center'><div class='cws_textmodule_titles'><h3 class='cws_textmodule_title large'>SERVICES<\/h3><\/div><\/div><\/div><\/div><\/div><\/div><\/div><\/div><div class=\"vc_row wpb_row vc_inner vc_row-fluid\"><div class=\"wpb_column vc_column_container vc_col-sm-6\"><div class=\"vc_column-inner\"><div class=\"wpb_wrapper\"><div id='cws_info_69e10bbe0bf11' class='cws_info_wrapper titlesspace  vc_custom_1749738296631' ><div class='cws_info_title'>PROPERTY MANAGEMENT SYSTEMS<\/div><div class='cws_content'><p>We have developed property management software (PMS) for local accommodation, which allows you to centralise daily operations: from managing bookings, guests and calendars, to issuing invoices, reports and automatically sending data to the SEF. The system is designed to be intuitive, secure and adaptable to the pace of your business.<\/p>\n<\/div><\/div><div id='cws_info_69e10bbe0c0be' class='cws_info_wrapper titlesspace  vc_custom_1749738302167' ><div class='cws_info_title'>WEBSITES FOR HOLIDAY RENTALS<\/div><div class='cws_content'><p>We create personalised websites optimised for conversion, with a direct booking engine, responsive design (mobile-first) and integration with your PMS or Channel Manager. These sites increase brand credibility, reduce dependency on OTAs and encourage direct bookings with a higher profit margin.<\/p>\n<\/div><\/div><\/div><\/div><\/div><div class=\"wpb_column vc_column_container vc_col-sm-6\"><div class=\"vc_column-inner\"><div class=\"wpb_wrapper\"><div id='cws_info_69e10bbe0c2fd' class='cws_info_wrapper titlesspace  vc_custom_1749738311277' ><div class='cws_info_title'>INTEGRATION WITH CHANNEL MANAGERS<\/div><div class='cws_content'><p>We connect your accommodation to the main online sales channels, such as Airbnb, Booking, VRBO and others, through Channel Managers. With this integration, we automatically synchronise availability, prices and bookings, avoiding overbookings and saving time on day-to-day management. It's an essential solution for those who want to scale their operation.<\/p>\n<\/div><\/div><div id='cws_info_69e10bbe0c492' class='cws_info_wrapper titlesspace  vc_custom_1749738318711' ><div class='cws_info_title'>DIGITAL MARKETING FOR TOURISM<\/div><div class='cws_content'><p>We offer complete digital marketing services with a focus on the tourism sector. From Google Ads and social media campaigns to SEO and email marketing strategies, we help you attract more guests, build customer loyalty and maximise online visibility. All strategies are data-driven and tailored to your audience profile.<\/p>\n<\/div><\/div><\/div><\/div><\/div><\/div><div class='sc_button_wrapper  align-center mobile-align-center'><a href='\/en\/sobre\/' class='cws_custom_button large advanced' id='cws_vc_shortcode_button_69e10bbe0c56b'>ABOUT US<\/a><\/div><div class=\"cws_spacing\"><div class=\"cws_spacing cws_spacing_default\" style=\"height:32px;\"><\/div><\/div><\/div><\/div><\/div><!-- CWS Column --> <\/div><\/div><\/div><div class=\"vc_row-full-width vc_clearfix\"><\/div><\/div><\/div><!-- CWS Row --><div class=\"cws-content\" style=\"background-repeat:repeat;background-size:initial;background-attachment:scroll;background-position:0% 0%;\"><div class=\"cws_extra_wrapper\"><div class=\"vc_row wpb_row vc_row-fluid\"><div class=\"wpb_column vc_column_container vc_col-sm-12 cws-column\"><div class=\"cws_vc_column-inner\"><div class=\"wpb_column vc_column_container vc_col-sm-12\"><div class=\"vc_column-inner\"><div class=\"wpb_wrapper\"><div class=\"vc_row wpb_row vc_inner vc_row-fluid vc_custom_1746546909278\"><\/div><div id='banner_id_69e10bbe0c987' class='vintwood_banner advanced  with_button'><div class='banner_wrapper align_left flexed'><div class='banner_table'><div class='banner_cell'><h3 class='banner_title'>SHALL WE WORK TOGETHER?<\/h3><span class='banner_offer'>CONTACT US!<\/span><\/div><\/div><div class='banner_button'><div class='sc_button_wrapper  align-left mobile-align-center'><a href='\/en\/contactos\/' class='cws_custom_button regular advanced' id='cws_vc_shortcode_button_69e10bbe0c9f1'>CONTACT US<\/a><\/div><\/div><\/div><\/div><\/div><\/div><\/div><!-- CWS Column --> <\/div><\/div><\/div><\/div><\/div>\n<\/div>","protected":false},"excerpt":{"rendered":"SERVI\u00c7OSO QUE FAZEMOS?Sistemas de Gest\u00e3o de Propriedades (PMS)Integra\u00e7\u00e3o com Channel Managers Websites para Vacation Rentals Marketing Digital para Turismo SERVI\u00c7OSSISTEMAS DE GEST\u00c3O DE PROPRIEDADESDesenvolvemos software de gest\u00e3o de propriedades (PMS) para alojamentos locais, que permite centralizar a opera\u00e7\u00e3o di\u00e1ria: desde a gest\u00e3o de reservas, h\u00f3spedes e calend\u00e1rios, at\u00e9 \u00e0 emiss\u00e3o de faturas, relat\u00f3rios e envio autom\u00e1tico de dados ao SEF. O sistema \u00e9 pensado para ser intuitivo, seguro e adapt\u00e1vel ao ritmo do seu neg\u00f3cio. WEBSITES PARA VACATION RENTALSCriamos websites personalizados e otimizados para convers\u00e3o, com motor de reservas direto, design responsivo (mobile-first) e integra\u00e7\u00e3o com o seu PMS ou Channel Manager. Estes sites aumentam a credibilidade da marca, reduzem a depend\u00eancia das OTAs e incentivam reservas diretas com maior margem de lucro. INTEGRA\u00c7\u00c3O COM CHANNEL MANAGERSConectamos o seu alojamento aos principais canais de venda online, como Airbnb, Booking, VRBO e outros, atrav\u00e9s de Channel Managers. Com esta integra\u00e7\u00e3o, sincronizamos automaticamente disponibilidade, pre\u00e7os e reservas, evitando overbookings e poupando tempo na gest\u00e3o di\u00e1ria. \u00c9 uma solu\u00e7\u00e3o essencial para quem quer escalar a opera\u00e7\u00e3o. MARKETING DIGITAL PARA TURISMOOferecemos servi\u00e7os completos de marketing digital com foco no setor tur\u00edstico. Desde campanhas de Google Ads e redes sociais, at\u00e9 estrat\u00e9gias de SEO e e-mail marketing, ajudamos a atrair mais h\u00f3spedes, fidelizar clientes e maximizar a visibilidade online. Todas as estrat\u00e9gias s\u00e3o orientadas por dados e adaptadas ao seu perfil de p\u00fablico. SOBRE N\u00d3S VAMOS TRABALHAR JUNTOS?FALE CONNOSCO!CONTACTOS","protected":false},"author":1,"featured_media":0,"parent":0,"menu_order":0,"comment_status":"closed","ping_status":"closed","template":"","meta":{"_themeisle_gutenberg_block_has_review":false,"footnotes":""},"class_list":["post-424","page","type-page","status-publish","hentry"],"yoast_head":"<!-- This site is optimized with the Yoast SEO plugin v27.4 - https:\/\/yoast.com\/product\/yoast-seo-wordpress\/ -->\n<title>Servi\u00e7os - Crocodile Message<\/title>\n<meta name=\"description\" content=\"A Crocodile Message, Lda \u00e9 uma empresa especializada no desenvolvimento de solu\u00e7\u00f5es digitais para o setor de alojamento local e f\u00e9rias. Desenvolvemos software de gest\u00e3o de propriedades (PMS), com integra\u00e7\u00e3o de Channel Manager, design de websites para Vacation Rentals, e estrat\u00e9gias de marketing digital orientadas ao turismo.\" \/>\n<meta name=\"robots\" content=\"index, follow, max-snippet:-1, max-image-preview:large, max-video-preview:-1\" \/>\n<link rel=\"canonical\" href=\"https:\/\/crocodilemessage.com\/en\/servicos\/\" \/>\n<meta property=\"og:locale\" content=\"en_GB\" \/>\n<meta property=\"og:type\" content=\"article\" \/>\n<meta property=\"og:title\" content=\"Servi\u00e7os - Crocodile Message\" \/>\n<meta property=\"og:description\" content=\"A Crocodile Message, Lda \u00e9 uma empresa especializada no desenvolvimento de solu\u00e7\u00f5es digitais para o setor de alojamento local e f\u00e9rias. Desenvolvemos software de gest\u00e3o de propriedades (PMS), com integra\u00e7\u00e3o de Channel Manager, design de websites para Vacation Rentals, e estrat\u00e9gias de marketing digital orientadas ao turismo.\" \/>\n<meta property=\"og:url\" content=\"https:\/\/crocodilemessage.com\/en\/servicos\/\" \/>\n<meta property=\"og:site_name\" content=\"Crocodile Message\" \/>\n<meta property=\"article:modified_time\" content=\"2025-08-04T14:58:13+00:00\" \/>\n<meta name=\"twitter:card\" content=\"summary_large_image\" \/>\n<meta name=\"twitter:label1\" content=\"Estimated reading time\" \/>\n\t<meta name=\"twitter:data1\" content=\"2 minutes\" \/>\n<script type=\"application\/ld+json\" class=\"yoast-schema-graph\">{\"@context\":\"https:\\\/\\\/schema.org\",\"@graph\":[{\"@type\":\"WebPage\",\"@id\":\"https:\\\/\\\/crocodilemessage.com\\\/servicos\\\/\",\"url\":\"https:\\\/\\\/crocodilemessage.com\\\/servicos\\\/\",\"name\":\"Servi\u00e7os - Crocodile Message\",\"isPartOf\":{\"@id\":\"https:\\\/\\\/crocodilemessage.com\\\/#website\"},\"datePublished\":\"2018-09-06T06:04:36+00:00\",\"dateModified\":\"2025-08-04T14:58:13+00:00\",\"description\":\"A Crocodile Message, Lda \u00e9 uma empresa especializada no desenvolvimento de solu\u00e7\u00f5es digitais para o setor de alojamento local e f\u00e9rias. Desenvolvemos software de gest\u00e3o de propriedades (PMS), com integra\u00e7\u00e3o de Channel Manager, design de websites para Vacation Rentals, e estrat\u00e9gias de marketing digital orientadas ao turismo.\",\"breadcrumb\":{\"@id\":\"https:\\\/\\\/crocodilemessage.com\\\/servicos\\\/#breadcrumb\"},\"inLanguage\":\"en-GB\",\"potentialAction\":[{\"@type\":\"ReadAction\",\"target\":[\"https:\\\/\\\/crocodilemessage.com\\\/servicos\\\/\"]}]},{\"@type\":\"BreadcrumbList\",\"@id\":\"https:\\\/\\\/crocodilemessage.com\\\/servicos\\\/#breadcrumb\",\"itemListElement\":[{\"@type\":\"ListItem\",\"position\":1,\"name\":\"Home\",\"item\":\"https:\\\/\\\/crocodilemessage.com\\\/\"},{\"@type\":\"ListItem\",\"position\":2,\"name\":\"Servi\u00e7os\"}]},{\"@type\":\"WebSite\",\"@id\":\"https:\\\/\\\/crocodilemessage.com\\\/#website\",\"url\":\"https:\\\/\\\/crocodilemessage.com\\\/\",\"name\":\"Crocodile Message\",\"description\":\"\",\"potentialAction\":[{\"@type\":\"SearchAction\",\"target\":{\"@type\":\"EntryPoint\",\"urlTemplate\":\"https:\\\/\\\/crocodilemessage.com\\\/?s={search_term_string}\"},\"query-input\":{\"@type\":\"PropertyValueSpecification\",\"valueRequired\":true,\"valueName\":\"search_term_string\"}}],\"inLanguage\":\"en-GB\"}]}<\/script>\n<!-- \/ Yoast SEO plugin. -->","yoast_head_json":{"title":"Servi\u00e7os - Crocodile Message","description":"Crocodile Message, Lda is a company specialising in the development of digital solutions for the local accommodation and holiday sector. We develop property management software (PMS), with Channel Manager integration, website design for Vacation Rentals, and tourism-orientated digital marketing strategies.","robots":{"index":"index","follow":"follow","max-snippet":"max-snippet:-1","max-image-preview":"max-image-preview:large","max-video-preview":"max-video-preview:-1"},"canonical":"https:\/\/crocodilemessage.com\/en\/servicos\/","og_locale":"en_GB","og_type":"article","og_title":"Servi\u00e7os - Crocodile Message","og_description":"A Crocodile Message, Lda \u00e9 uma empresa especializada no desenvolvimento de solu\u00e7\u00f5es digitais para o setor de alojamento local e f\u00e9rias. Desenvolvemos software de gest\u00e3o de propriedades (PMS), com integra\u00e7\u00e3o de Channel Manager, design de websites para Vacation Rentals, e estrat\u00e9gias de marketing digital orientadas ao turismo.","og_url":"https:\/\/crocodilemessage.com\/en\/servicos\/","og_site_name":"Crocodile Message","article_modified_time":"2025-08-04T14:58:13+00:00","twitter_card":"summary_large_image","twitter_misc":{"Estimated reading time":"2 minutes"},"schema":{"@context":"https:\/\/schema.org","@graph":[{"@type":"WebPage","@id":"https:\/\/crocodilemessage.com\/servicos\/","url":"https:\/\/crocodilemessage.com\/servicos\/","name":"Servi\u00e7os - Crocodile Message","isPartOf":{"@id":"https:\/\/crocodilemessage.com\/#website"},"datePublished":"2018-09-06T06:04:36+00:00","dateModified":"2025-08-04T14:58:13+00:00","description":"Crocodile Message, Lda is a company specialising in the development of digital solutions for the local accommodation and holiday sector. We develop property management software (PMS), with Channel Manager integration, website design for Vacation Rentals, and tourism-orientated digital marketing strategies.","breadcrumb":{"@id":"https:\/\/crocodilemessage.com\/servicos\/#breadcrumb"},"inLanguage":"en-GB","potentialAction":[{"@type":"ReadAction","target":["https:\/\/crocodilemessage.com\/servicos\/"]}]},{"@type":"BreadcrumbList","@id":"https:\/\/crocodilemessage.com\/servicos\/#breadcrumb","itemListElement":[{"@type":"ListItem","position":1,"name":"Home","item":"https:\/\/crocodilemessage.com\/"},{"@type":"ListItem","position":2,"name":"Servi\u00e7os"}]},{"@type":"WebSite","@id":"https:\/\/crocodilemessage.com\/#website","url":"https:\/\/crocodilemessage.com\/","name":"Crocodile Message","description":"","potentialAction":[{"@type":"SearchAction","target":{"@type":"EntryPoint","urlTemplate":"https:\/\/crocodilemessage.com\/?s={search_term_string}"},"query-input":{"@type":"PropertyValueSpecification","valueRequired":true,"valueName":"search_term_string"}}],"inLanguage":"en-GB"}]}},"_links":{"self":[{"href":"https:\/\/crocodilemessage.com\/en\/wp-json\/wp\/v2\/pages\/424","targetHints":{"allow":["GET"]}}],"collection":[{"href":"https:\/\/crocodilemessage.com\/en\/wp-json\/wp\/v2\/pages"}],"about":[{"href":"https:\/\/crocodilemessage.com\/en\/wp-json\/wp\/v2\/types\/page"}],"author":[{"embeddable":true,"href":"https:\/\/crocodilemessage.com\/en\/wp-json\/wp\/v2\/users\/1"}],"replies":[{"embeddable":true,"href":"https:\/\/crocodilemessage.com\/en\/wp-json\/wp\/v2\/comments?post=424"}],"version-history":[{"count":32,"href":"https:\/\/crocodilemessage.com\/en\/wp-json\/wp\/v2\/pages\/424\/revisions"}],"predecessor-version":[{"id":1647,"href":"https:\/\/crocodilemessage.com\/en\/wp-json\/wp\/v2\/pages\/424\/revisions\/1647"}],"wp:attachment":[{"href":"https:\/\/crocodilemessage.com\/en\/wp-json\/wp\/v2\/media?parent=424"}],"curies":[{"name":"wp","href":"https:\/\/api.w.org\/{rel}","templated":true}]}}